{"id":255,"date":"2022-08-22T14:56:08","date_gmt":"2022-08-22T14:56:08","guid":{"rendered":"https:\/\/clinidentaria.pt\/sobre-nos\/"},"modified":"2022-10-14T12:09:31","modified_gmt":"2022-10-14T12:09:31","slug":"a-propos-de-nous-dents-saines","status":"publish","type":"page","link":"https:\/\/clinidentaria.pt\/fr\/a-propos-de-nous-dents-saines\/","title":{"rendered":"\u00c0 propos de nous"},"content":{"rendered":"<p>Notre mission est de promouvoir l\u2019acc\u00e8s \u00e0 la sant\u00e9 bucco-dentaire, de miser sur la qualit\u00e9 et la qualification des services fournis gr\u00e2ce \u00e0 un service \u00e9thique, professionnel et personnalis\u00e9. Sourire, c\u2019est le bien-\u00eatre, le confort et la sant\u00e9. Les patients sont la base de notre d\u00e9vouement et de notre passion.<\/p>\n","protected":false},"excerpt":{"rendered":"<p>Notre mission est de promouvoir l\u2019acc\u00e8s \u00e0 la sant\u00e9 bucco-dentaire, de miser sur la qualit\u00e9 et la qualification des services fournis gr\u00e2ce \u00e0 un service \u00e9thique, professionnel et personnalis\u00e9. Sourire, c\u2019est le bien-\u00eatre, le confort et la sant\u00e9. Les patients sont la base de notre d\u00e9vouement et de notre passion.<\/p>\n","protected":false},"author":1,"featured_media":223,"parent":0,"menu_order":0,"comment_status":"closed","ping_status":"closed","template":"template-aboutus.php","meta":[],"acf":[],"yoast_head":"<!-- This site is optimized with the Yoast SEO plugin v19.6 - https:\/\/yoast.com\/wordpress\/plugins\/seo\/ -->\n<title>Dents Saines est importante! Faites confiance \u00e0 Clinident\u00e1ria!<\/title>\n<meta name=\"description\" content=\"Chez Clinica, nous savons combien il est important de prendre dents saines! N\u2019attendez plus et prenez rendez-vous avec nous!\" \/>\n<meta name=\"robots\" content=\"index, follow, max-snippet:-1, max-image-preview:large, max-video-preview:-1\" \/>\n<link rel=\"canonical\" href=\"https:\/\/clinidentaria.pt\/fr\/a-propos-de-nous-dents-saines\/\" \/>\n<meta property=\"og:locale\" content=\"fr_FR\" \/>\n<meta property=\"og:type\" content=\"article\" \/>\n<meta property=\"og:title\" content=\"Dents Saines est importante! Faites confiance \u00e0 Clinident\u00e1ria!\" \/>\n<meta property=\"og:description\" content=\"Chez Clinica, nous savons combien il est important de prendre dents saines! N\u2019attendez plus et prenez rendez-vous avec nous!\" \/>\n<meta property=\"og:url\" content=\"https:\/\/clinidentaria.pt\/fr\/a-propos-de-nous-dents-saines\/\" \/>\n<meta property=\"og:site_name\" content=\"Clinident\u00e1ria\" \/>\n<meta property=\"article:modified_time\" content=\"2022-10-14T12:09:31+00:00\" \/>\n<meta property=\"og:image\" content=\"https:\/\/clinidentaria.pt\/wp-content\/uploads\/2022\/08\/3-1.png\" \/>\n\t<meta property=\"og:image:width\" content=\"2000\" \/>\n\t<meta property=\"og:image:height\" content=\"650\" \/>\n\t<meta property=\"og:image:type\" content=\"image\/png\" \/>\n<meta name=\"twitter:card\" content=\"summary_large_image\" \/>\n<meta name=\"twitter:label1\" content=\"Est. reading time\" \/>\n\t<meta name=\"twitter:data1\" content=\"1 minute\" \/>\n<script type=\"application\/ld+json\" class=\"yoast-schema-graph\">{\"@context\":\"https:\/\/schema.org\",\"@graph\":[{\"@type\":\"WebPage\",\"@id\":\"https:\/\/clinidentaria.pt\/fr\/a-propos-de-nous-dents-saines\/\",\"url\":\"https:\/\/clinidentaria.pt\/fr\/a-propos-de-nous-dents-saines\/\",\"name\":\"Dents Saines est importante! Faites confiance \u00e0 Clinident\u00e1ria!\",\"isPartOf\":{\"@id\":\"https:\/\/clinidentaria.pt\/#website\"},\"datePublished\":\"2022-08-22T14:56:08+00:00\",\"dateModified\":\"2022-10-14T12:09:31+00:00\",\"description\":\"Chez Clinica, nous savons combien il est important de prendre dents saines! N\u2019attendez plus et prenez rendez-vous avec nous!\",\"breadcrumb\":{\"@id\":\"https:\/\/clinidentaria.pt\/fr\/a-propos-de-nous-dents-saines\/#breadcrumb\"},\"inLanguage\":\"fr-FR\",\"potentialAction\":[{\"@type\":\"ReadAction\",\"target\":[\"https:\/\/clinidentaria.pt\/fr\/a-propos-de-nous-dents-saines\/\"]}]},{\"@type\":\"BreadcrumbList\",\"@id\":\"https:\/\/clinidentaria.pt\/fr\/a-propos-de-nous-dents-saines\/#breadcrumb\",\"itemListElement\":[{\"@type\":\"ListItem\",\"position\":1,\"name\":\"In\u00edcio\",\"item\":\"https:\/\/clinidentaria.pt\/fr\/\"},{\"@type\":\"ListItem\",\"position\":2,\"name\":\"\u00c0 propos de nous\"}]},{\"@type\":\"WebSite\",\"@id\":\"https:\/\/clinidentaria.pt\/#website\",\"url\":\"https:\/\/clinidentaria.pt\/\",\"name\":\"Clinident\u00e1ria\",\"description\":\"Clinica dent\u00e1ria situada na ribeira grande, Ilha de S\u00e3o Miguel, A\u00e7ores\",\"potentialAction\":[{\"@type\":\"SearchAction\",\"target\":{\"@type\":\"EntryPoint\",\"urlTemplate\":\"https:\/\/clinidentaria.pt\/?s={search_term_string}\"},\"query-input\":\"required name=search_term_string\"}],\"inLanguage\":\"fr-FR\"}]}<\/script>\n<!-- \/ Yoast SEO plugin. -->","yoast_head_json":{"title":"Dents Saines est importante! Faites confiance \u00e0 Clinident\u00e1ria!","description":"Chez Clinica, nous savons combien il est important de prendre dents saines! N\u2019attendez plus et prenez rendez-vous avec nous!","robots":{"index":"index","follow":"follow","max-snippet":"max-snippet:-1","max-image-preview":"max-image-preview:large","max-video-preview":"max-video-preview:-1"},"canonical":"https:\/\/clinidentaria.pt\/fr\/a-propos-de-nous-dents-saines\/","og_locale":"fr_FR","og_type":"article","og_title":"Dents Saines est importante! Faites confiance \u00e0 Clinident\u00e1ria!","og_description":"Chez Clinica, nous savons combien il est important de prendre dents saines! N\u2019attendez plus et prenez rendez-vous avec nous!","og_url":"https:\/\/clinidentaria.pt\/fr\/a-propos-de-nous-dents-saines\/","og_site_name":"Clinident\u00e1ria","article_modified_time":"2022-10-14T12:09:31+00:00","og_image":[{"width":2000,"height":650,"url":"https:\/\/clinidentaria.pt\/wp-content\/uploads\/2022\/08\/3-1.png","type":"image\/png"}],"twitter_card":"summary_large_image","twitter_misc":{"Est. reading time":"1 minute"},"schema":{"@context":"https:\/\/schema.org","@graph":[{"@type":"WebPage","@id":"https:\/\/clinidentaria.pt\/fr\/a-propos-de-nous-dents-saines\/","url":"https:\/\/clinidentaria.pt\/fr\/a-propos-de-nous-dents-saines\/","name":"Dents Saines est importante! Faites confiance \u00e0 Clinident\u00e1ria!","isPartOf":{"@id":"https:\/\/clinidentaria.pt\/#website"},"datePublished":"2022-08-22T14:56:08+00:00","dateModified":"2022-10-14T12:09:31+00:00","description":"Chez Clinica, nous savons combien il est important de prendre dents saines! N\u2019attendez plus et prenez rendez-vous avec nous!","breadcrumb":{"@id":"https:\/\/clinidentaria.pt\/fr\/a-propos-de-nous-dents-saines\/#breadcrumb"},"inLanguage":"fr-FR","potentialAction":[{"@type":"ReadAction","target":["https:\/\/clinidentaria.pt\/fr\/a-propos-de-nous-dents-saines\/"]}]},{"@type":"BreadcrumbList","@id":"https:\/\/clinidentaria.pt\/fr\/a-propos-de-nous-dents-saines\/#breadcrumb","itemListElement":[{"@type":"ListItem","position":1,"name":"In\u00edcio","item":"https:\/\/clinidentaria.pt\/fr\/"},{"@type":"ListItem","position":2,"name":"\u00c0 propos de nous"}]},{"@type":"WebSite","@id":"https:\/\/clinidentaria.pt\/#website","url":"https:\/\/clinidentaria.pt\/","name":"Clinident\u00e1ria","description":"Clinica dent\u00e1ria situada na ribeira grande, Ilha de S\u00e3o Miguel, A\u00e7ores","potentialAction":[{"@type":"SearchAction","target":{"@type":"EntryPoint","urlTemplate":"https:\/\/clinidentaria.pt\/?s={search_term_string}"},"query-input":"required name=search_term_string"}],"inLanguage":"fr-FR"}]}},"_links":{"self":[{"href":"https:\/\/clinidentaria.pt\/fr\/wp-json\/wp\/v2\/pages\/255"}],"collection":[{"href":"https:\/\/clinidentaria.pt\/fr\/wp-json\/wp\/v2\/pages"}],"about":[{"href":"https:\/\/clinidentaria.pt\/fr\/wp-json\/wp\/v2\/types\/page"}],"author":[{"embeddable":true,"href":"https:\/\/clinidentaria.pt\/fr\/wp-json\/wp\/v2\/users\/1"}],"replies":[{"embeddable":true,"href":"https:\/\/clinidentaria.pt\/fr\/wp-json\/wp\/v2\/comments?post=255"}],"version-history":[{"count":3,"href":"https:\/\/clinidentaria.pt\/fr\/wp-json\/wp\/v2\/pages\/255\/revisions"}],"predecessor-version":[{"id":474,"href":"https:\/\/clinidentaria.pt\/fr\/wp-json\/wp\/v2\/pages\/255\/revisions\/474"}],"wp:featuredmedia":[{"embeddable":true,"href":"https:\/\/clinidentaria.pt\/fr\/wp-json\/wp\/v2\/media\/223"}],"wp:attachment":[{"href":"https:\/\/clinidentaria.pt\/fr\/wp-json\/wp\/v2\/media?parent=255"}],"curies":[{"name":"wp","href":"https:\/\/api.w.org\/{rel}","templated":true}]}}