{"id":252,"date":"2022-08-22T14:53:01","date_gmt":"2022-08-22T14:53:01","guid":{"rendered":"https:\/\/clinidentaria.pt\/home\/"},"modified":"2022-10-14T12:09:39","modified_gmt":"2022-10-14T12:09:39","slug":"home","status":"publish","type":"page","link":"https:\/\/clinidentaria.pt\/fr\/","title":{"rendered":"Home"},"content":{"rendered":"","protected":false},"excerpt":{"rendered":"","protected":false},"author":1,"featured_media":229,"parent":0,"menu_order":0,"comment_status":"closed","ping_status":"closed","template":"front-page.php","meta":[],"acf":[],"yoast_head":"<!-- This site is optimized with the Yoast SEO plugin v19.6 - https:\/\/yoast.com\/wordpress\/plugins\/seo\/ -->\n<title>Clinique Dentaire | Prenez Soin de Votre Sourire! - Clinident\u00e1ria<\/title>\n<meta name=\"description\" content=\"Dans notre clinique dentaire nous avons la mission de promouvoir l\u2019acc\u00e8s \u00e0 la sant\u00e9 buccodentaire, en misant sur la qualit\u00e9 de votre sourire!\" \/>\n<meta name=\"robots\" content=\"index, follow, max-snippet:-1, max-image-preview:large, max-video-preview:-1\" \/>\n<link rel=\"canonical\" href=\"https:\/\/clinidentaria.pt\/fr\/\" \/>\n<meta property=\"og:locale\" content=\"fr_FR\" \/>\n<meta property=\"og:type\" content=\"article\" \/>\n<meta property=\"og:title\" content=\"Clinique Dentaire | Prenez Soin de Votre Sourire! - Clinident\u00e1ria\" \/>\n<meta property=\"og:description\" content=\"Dans notre clinique dentaire nous avons la mission de promouvoir l\u2019acc\u00e8s \u00e0 la sant\u00e9 buccodentaire, en misant sur la qualit\u00e9 de votre sourire!\" \/>\n<meta property=\"og:url\" content=\"https:\/\/clinidentaria.pt\/fr\/\" \/>\n<meta property=\"og:site_name\" content=\"Clinident\u00e1ria\" \/>\n<meta property=\"article:modified_time\" content=\"2022-10-14T12:09:39+00:00\" \/>\n<meta property=\"og:image\" content=\"https:\/\/clinidentaria.pt\/wp-content\/uploads\/2022\/08\/4.png\" \/>\n\t<meta property=\"og:image:width\" content=\"2000\" \/>\n\t<meta property=\"og:image:height\" content=\"650\" \/>\n\t<meta property=\"og:image:type\" content=\"image\/png\" \/>\n<meta name=\"twitter:card\" content=\"summary_large_image\" \/>\n<script type=\"application\/ld+json\" class=\"yoast-schema-graph\">{\"@context\":\"https:\/\/schema.org\",\"@graph\":[{\"@type\":\"WebPage\",\"@id\":\"https:\/\/clinidentaria.pt\/fr\/\",\"url\":\"https:\/\/clinidentaria.pt\/fr\/\",\"name\":\"Clinique Dentaire | Prenez Soin de Votre Sourire! - Clinident\u00e1ria\",\"isPartOf\":{\"@id\":\"https:\/\/clinidentaria.pt\/#website\"},\"datePublished\":\"2022-08-22T14:53:01+00:00\",\"dateModified\":\"2022-10-14T12:09:39+00:00\",\"description\":\"Dans notre clinique dentaire nous avons la mission de promouvoir l\u2019acc\u00e8s \u00e0 la sant\u00e9 buccodentaire, en misant sur la qualit\u00e9 de votre sourire!\",\"breadcrumb\":{\"@id\":\"https:\/\/clinidentaria.pt\/fr\/#breadcrumb\"},\"inLanguage\":\"fr-FR\",\"potentialAction\":[{\"@type\":\"ReadAction\",\"target\":[\"https:\/\/clinidentaria.pt\/fr\/\"]}]},{\"@type\":\"BreadcrumbList\",\"@id\":\"https:\/\/clinidentaria.pt\/fr\/#breadcrumb\",\"itemListElement\":[{\"@type\":\"ListItem\",\"position\":1,\"name\":\"In\u00edcio\",\"item\":\"https:\/\/clinidentaria.pt\/fr\/\"},{\"@type\":\"ListItem\",\"position\":2,\"name\":\"Home\"}]},{\"@type\":\"WebSite\",\"@id\":\"https:\/\/clinidentaria.pt\/#website\",\"url\":\"https:\/\/clinidentaria.pt\/\",\"name\":\"Clinident\u00e1ria\",\"description\":\"Clinica dent\u00e1ria situada na ribeira grande, Ilha de S\u00e3o Miguel, A\u00e7ores\",\"potentialAction\":[{\"@type\":\"SearchAction\",\"target\":{\"@type\":\"EntryPoint\",\"urlTemplate\":\"https:\/\/clinidentaria.pt\/?s={search_term_string}\"},\"query-input\":\"required name=search_term_string\"}],\"inLanguage\":\"fr-FR\"}]}<\/script>\n<!-- \/ Yoast SEO plugin. -->","yoast_head_json":{"title":"Clinique Dentaire | Prenez Soin de Votre Sourire! - Clinident\u00e1ria","description":"Dans notre clinique dentaire nous avons la mission de promouvoir l\u2019acc\u00e8s \u00e0 la sant\u00e9 buccodentaire, en misant sur la qualit\u00e9 de votre sourire!","robots":{"index":"index","follow":"follow","max-snippet":"max-snippet:-1","max-image-preview":"max-image-preview:large","max-video-preview":"max-video-preview:-1"},"canonical":"https:\/\/clinidentaria.pt\/fr\/","og_locale":"fr_FR","og_type":"article","og_title":"Clinique Dentaire | Prenez Soin de Votre Sourire! - Clinident\u00e1ria","og_description":"Dans notre clinique dentaire nous avons la mission de promouvoir l\u2019acc\u00e8s \u00e0 la sant\u00e9 buccodentaire, en misant sur la qualit\u00e9 de votre sourire!","og_url":"https:\/\/clinidentaria.pt\/fr\/","og_site_name":"Clinident\u00e1ria","article_modified_time":"2022-10-14T12:09:39+00:00","og_image":[{"width":2000,"height":650,"url":"https:\/\/clinidentaria.pt\/wp-content\/uploads\/2022\/08\/4.png","type":"image\/png"}],"twitter_card":"summary_large_image","schema":{"@context":"https:\/\/schema.org","@graph":[{"@type":"WebPage","@id":"https:\/\/clinidentaria.pt\/fr\/","url":"https:\/\/clinidentaria.pt\/fr\/","name":"Clinique Dentaire | Prenez Soin de Votre Sourire! - Clinident\u00e1ria","isPartOf":{"@id":"https:\/\/clinidentaria.pt\/#website"},"datePublished":"2022-08-22T14:53:01+00:00","dateModified":"2022-10-14T12:09:39+00:00","description":"Dans notre clinique dentaire nous avons la mission de promouvoir l\u2019acc\u00e8s \u00e0 la sant\u00e9 buccodentaire, en misant sur la qualit\u00e9 de votre sourire!","breadcrumb":{"@id":"https:\/\/clinidentaria.pt\/fr\/#breadcrumb"},"inLanguage":"fr-FR","potentialAction":[{"@type":"ReadAction","target":["https:\/\/clinidentaria.pt\/fr\/"]}]},{"@type":"BreadcrumbList","@id":"https:\/\/clinidentaria.pt\/fr\/#breadcrumb","itemListElement":[{"@type":"ListItem","position":1,"name":"In\u00edcio","item":"https:\/\/clinidentaria.pt\/fr\/"},{"@type":"ListItem","position":2,"name":"Home"}]},{"@type":"WebSite","@id":"https:\/\/clinidentaria.pt\/#website","url":"https:\/\/clinidentaria.pt\/","name":"Clinident\u00e1ria","description":"Clinica dent\u00e1ria situada na ribeira grande, Ilha de S\u00e3o Miguel, A\u00e7ores","potentialAction":[{"@type":"SearchAction","target":{"@type":"EntryPoint","urlTemplate":"https:\/\/clinidentaria.pt\/?s={search_term_string}"},"query-input":"required name=search_term_string"}],"inLanguage":"fr-FR"}]}},"_links":{"self":[{"href":"https:\/\/clinidentaria.pt\/fr\/wp-json\/wp\/v2\/pages\/252"}],"collection":[{"href":"https:\/\/clinidentaria.pt\/fr\/wp-json\/wp\/v2\/pages"}],"about":[{"href":"https:\/\/clinidentaria.pt\/fr\/wp-json\/wp\/v2\/types\/page"}],"author":[{"embeddable":true,"href":"https:\/\/clinidentaria.pt\/fr\/wp-json\/wp\/v2\/users\/1"}],"replies":[{"embeddable":true,"href":"https:\/\/clinidentaria.pt\/fr\/wp-json\/wp\/v2\/comments?post=252"}],"version-history":[{"count":5,"href":"https:\/\/clinidentaria.pt\/fr\/wp-json\/wp\/v2\/pages\/252\/revisions"}],"predecessor-version":[{"id":475,"href":"https:\/\/clinidentaria.pt\/fr\/wp-json\/wp\/v2\/pages\/252\/revisions\/475"}],"wp:featuredmedia":[{"embeddable":true,"href":"https:\/\/clinidentaria.pt\/fr\/wp-json\/wp\/v2\/media\/229"}],"wp:attachment":[{"href":"https:\/\/clinidentaria.pt\/fr\/wp-json\/wp\/v2\/media?parent=252"}],"curies":[{"name":"wp","href":"https:\/\/api.w.org\/{rel}","templated":true}]}}