{"id":273,"date":"2022-08-22T14:56:22","date_gmt":"2022-08-22T14:56:22","guid":{"rendered":"https:\/\/clinidentaria.pt\/contactos\/"},"modified":"2025-10-09T12:33:19","modified_gmt":"2025-10-09T12:33:19","slug":"clinica-dental-cerca-de-mi-contactos","status":"publish","type":"page","link":"https:\/\/clinidentaria.pt\/es\/clinica-dental-cerca-de-mi-contactos\/","title":{"rendered":"Contactos"},"content":{"rendered":"","protected":false},"excerpt":{"rendered":"","protected":false},"author":1,"featured_media":233,"parent":0,"menu_order":0,"comment_status":"closed","ping_status":"closed","template":"template-contactos.php","meta":[],"acf":[],"yoast_head":"<!-- This site is optimized with the Yoast SEO plugin v19.6 - https:\/\/yoast.com\/wordpress\/plugins\/seo\/ -->\n<title>CliniDentaria - Clinica Dental en Ponta Delgada Listos para Usted!<\/title>\n<meta name=\"description\" content=\"Si est\u00e1s pensando: &quot;\u00bfcu\u00e1l es la mejor clinica dental cerca de mi?&quot;, \u00a1entonces viniste al lugar correcto! Cont\u00e1ctanos.\" \/>\n<meta name=\"robots\" content=\"index, follow, max-snippet:-1, max-image-preview:large, max-video-preview:-1\" \/>\n<link rel=\"canonical\" href=\"https:\/\/clinidentaria.pt\/es\/clinica-dental-cerca-de-mi-contactos\/\" \/>\n<meta property=\"og:locale\" content=\"es_ES\" \/>\n<meta property=\"og:type\" content=\"article\" \/>\n<meta property=\"og:title\" content=\"CliniDentaria - Clinica Dental en Ponta Delgada Listos para Usted!\" \/>\n<meta property=\"og:description\" content=\"Si est\u00e1s pensando: &quot;\u00bfcu\u00e1l es la mejor clinica dental cerca de mi?&quot;, \u00a1entonces viniste al lugar correcto! Cont\u00e1ctanos.\" \/>\n<meta property=\"og:url\" content=\"https:\/\/clinidentaria.pt\/es\/clinica-dental-cerca-de-mi-contactos\/\" \/>\n<meta property=\"og:site_name\" content=\"Clinident\u00e1ria\" \/>\n<meta property=\"article:modified_time\" content=\"2025-10-09T12:33:19+00:00\" \/>\n<meta property=\"og:image\" content=\"https:\/\/clinidentaria.pt\/wp-content\/uploads\/2022\/08\/2-1.png\" \/>\n\t<meta property=\"og:image:width\" content=\"2000\" \/>\n\t<meta property=\"og:image:height\" content=\"650\" \/>\n\t<meta property=\"og:image:type\" content=\"image\/png\" \/>\n<meta name=\"twitter:card\" content=\"summary_large_image\" \/>\n<script type=\"application\/ld+json\" class=\"yoast-schema-graph\">{\"@context\":\"https:\/\/schema.org\",\"@graph\":[{\"@type\":\"WebPage\",\"@id\":\"https:\/\/clinidentaria.pt\/es\/clinica-dental-cerca-de-mi-contactos\/\",\"url\":\"https:\/\/clinidentaria.pt\/es\/clinica-dental-cerca-de-mi-contactos\/\",\"name\":\"CliniDentaria - Clinica Dental en Ponta Delgada Listos para Usted!\",\"isPartOf\":{\"@id\":\"https:\/\/clinidentaria.pt\/#website\"},\"datePublished\":\"2022-08-22T14:56:22+00:00\",\"dateModified\":\"2025-10-09T12:33:19+00:00\",\"description\":\"Si est\u00e1s pensando: \\\"\u00bfcu\u00e1l es la mejor clinica dental cerca de mi?\\\", \u00a1entonces viniste al lugar correcto! Cont\u00e1ctanos.\",\"breadcrumb\":{\"@id\":\"https:\/\/clinidentaria.pt\/es\/clinica-dental-cerca-de-mi-contactos\/#breadcrumb\"},\"inLanguage\":\"es\",\"potentialAction\":[{\"@type\":\"ReadAction\",\"target\":[\"https:\/\/clinidentaria.pt\/es\/clinica-dental-cerca-de-mi-contactos\/\"]}]},{\"@type\":\"BreadcrumbList\",\"@id\":\"https:\/\/clinidentaria.pt\/es\/clinica-dental-cerca-de-mi-contactos\/#breadcrumb\",\"itemListElement\":[{\"@type\":\"ListItem\",\"position\":1,\"name\":\"In\u00edcio\",\"item\":\"https:\/\/clinidentaria.pt\/es\/\"},{\"@type\":\"ListItem\",\"position\":2,\"name\":\"Contactos\"}]},{\"@type\":\"WebSite\",\"@id\":\"https:\/\/clinidentaria.pt\/#website\",\"url\":\"https:\/\/clinidentaria.pt\/\",\"name\":\"Clinident\u00e1ria\",\"description\":\"Clinica dent\u00e1ria situada na ribeira grande, Ilha de S\u00e3o Miguel, A\u00e7ores\",\"potentialAction\":[{\"@type\":\"SearchAction\",\"target\":{\"@type\":\"EntryPoint\",\"urlTemplate\":\"https:\/\/clinidentaria.pt\/?s={search_term_string}\"},\"query-input\":\"required name=search_term_string\"}],\"inLanguage\":\"es\"}]}<\/script>\n<!-- \/ Yoast SEO plugin. -->","yoast_head_json":{"title":"CliniDentaria - Clinica Dental en Ponta Delgada Listos para Usted!","description":"Si est\u00e1s pensando: \"\u00bfcu\u00e1l es la mejor clinica dental cerca de mi?\", \u00a1entonces viniste al lugar correcto! Cont\u00e1ctanos.","robots":{"index":"index","follow":"follow","max-snippet":"max-snippet:-1","max-image-preview":"max-image-preview:large","max-video-preview":"max-video-preview:-1"},"canonical":"https:\/\/clinidentaria.pt\/es\/clinica-dental-cerca-de-mi-contactos\/","og_locale":"es_ES","og_type":"article","og_title":"CliniDentaria - Clinica Dental en Ponta Delgada Listos para Usted!","og_description":"Si est\u00e1s pensando: \"\u00bfcu\u00e1l es la mejor clinica dental cerca de mi?\", \u00a1entonces viniste al lugar correcto! Cont\u00e1ctanos.","og_url":"https:\/\/clinidentaria.pt\/es\/clinica-dental-cerca-de-mi-contactos\/","og_site_name":"Clinident\u00e1ria","article_modified_time":"2025-10-09T12:33:19+00:00","og_image":[{"width":2000,"height":650,"url":"https:\/\/clinidentaria.pt\/wp-content\/uploads\/2022\/08\/2-1.png","type":"image\/png"}],"twitter_card":"summary_large_image","schema":{"@context":"https:\/\/schema.org","@graph":[{"@type":"WebPage","@id":"https:\/\/clinidentaria.pt\/es\/clinica-dental-cerca-de-mi-contactos\/","url":"https:\/\/clinidentaria.pt\/es\/clinica-dental-cerca-de-mi-contactos\/","name":"CliniDentaria - Clinica Dental en Ponta Delgada Listos para Usted!","isPartOf":{"@id":"https:\/\/clinidentaria.pt\/#website"},"datePublished":"2022-08-22T14:56:22+00:00","dateModified":"2025-10-09T12:33:19+00:00","description":"Si est\u00e1s pensando: \"\u00bfcu\u00e1l es la mejor clinica dental cerca de mi?\", \u00a1entonces viniste al lugar correcto! Cont\u00e1ctanos.","breadcrumb":{"@id":"https:\/\/clinidentaria.pt\/es\/clinica-dental-cerca-de-mi-contactos\/#breadcrumb"},"inLanguage":"es","potentialAction":[{"@type":"ReadAction","target":["https:\/\/clinidentaria.pt\/es\/clinica-dental-cerca-de-mi-contactos\/"]}]},{"@type":"BreadcrumbList","@id":"https:\/\/clinidentaria.pt\/es\/clinica-dental-cerca-de-mi-contactos\/#breadcrumb","itemListElement":[{"@type":"ListItem","position":1,"name":"In\u00edcio","item":"https:\/\/clinidentaria.pt\/es\/"},{"@type":"ListItem","position":2,"name":"Contactos"}]},{"@type":"WebSite","@id":"https:\/\/clinidentaria.pt\/#website","url":"https:\/\/clinidentaria.pt\/","name":"Clinident\u00e1ria","description":"Clinica dent\u00e1ria situada na ribeira grande, Ilha de S\u00e3o Miguel, A\u00e7ores","potentialAction":[{"@type":"SearchAction","target":{"@type":"EntryPoint","urlTemplate":"https:\/\/clinidentaria.pt\/?s={search_term_string}"},"query-input":"required name=search_term_string"}],"inLanguage":"es"}]}},"_links":{"self":[{"href":"https:\/\/clinidentaria.pt\/es\/wp-json\/wp\/v2\/pages\/273"}],"collection":[{"href":"https:\/\/clinidentaria.pt\/es\/wp-json\/wp\/v2\/pages"}],"about":[{"href":"https:\/\/clinidentaria.pt\/es\/wp-json\/wp\/v2\/types\/page"}],"author":[{"embeddable":true,"href":"https:\/\/clinidentaria.pt\/es\/wp-json\/wp\/v2\/users\/1"}],"replies":[{"embeddable":true,"href":"https:\/\/clinidentaria.pt\/es\/wp-json\/wp\/v2\/comments?post=273"}],"version-history":[{"count":2,"href":"https:\/\/clinidentaria.pt\/es\/wp-json\/wp\/v2\/pages\/273\/revisions"}],"predecessor-version":[{"id":510,"href":"https:\/\/clinidentaria.pt\/es\/wp-json\/wp\/v2\/pages\/273\/revisions\/510"}],"wp:featuredmedia":[{"embeddable":true,"href":"https:\/\/clinidentaria.pt\/es\/wp-json\/wp\/v2\/media\/233"}],"wp:attachment":[{"href":"https:\/\/clinidentaria.pt\/es\/wp-json\/wp\/v2\/media?parent=273"}],"curies":[{"name":"wp","href":"https:\/\/api.w.org\/{rel}","templated":true}]}}