{"id":256,"date":"2022-08-22T14:56:08","date_gmt":"2022-08-22T14:56:08","guid":{"rendered":"https:\/\/clinidentaria.pt\/sobre-nos\/"},"modified":"2022-10-14T12:11:06","modified_gmt":"2022-10-14T12:11:06","slug":"sobre-nosotros-dientes-sanos","status":"publish","type":"page","link":"https:\/\/clinidentaria.pt\/es\/sobre-nosotros-dientes-sanos\/","title":{"rendered":"Sobre Nosotros"},"content":{"rendered":"<p>Nuestra misi\u00f3n es promover el acceso a la salud bucal, con foco en la calidad y calificaci\u00f3n de los servicios prestados a trav\u00e9s de una atenci\u00f3n \u00e9tica, profesional y personalizada. Sonre\u00edr es bienestar, comodidad y salud. Los pacientes son la base de nuestra dedicaci\u00f3n y pasi\u00f3n.<\/p>\n","protected":false},"excerpt":{"rendered":"<p>Nuestra misi\u00f3n es promover el acceso a la salud bucal, con foco en la calidad y calificaci\u00f3n de los servicios prestados a trav\u00e9s de una atenci\u00f3n \u00e9tica, profesional y personalizada. Sonre\u00edr es bienestar, comodidad y salud. Los pacientes son la base de nuestra dedicaci\u00f3n y pasi\u00f3n.<\/p>\n","protected":false},"author":1,"featured_media":224,"parent":0,"menu_order":0,"comment_status":"closed","ping_status":"closed","template":"template-aboutus.php","meta":[],"acf":[],"yoast_head":"<!-- This site is optimized with the Yoast SEO plugin v19.6 - https:\/\/yoast.com\/wordpress\/plugins\/seo\/ -->\n<title>Dientes Sanos - \u00a1Tu salud oral es importante! \u00a1Conf\u00eda en la cl\u00ednica!<\/title>\n<meta name=\"description\" content=\"\u00a1En Clinica sabemos lo importante que es cuidar la salud oral! \u00a1No esperes m\u00e1s y reserva una cita con nosotros! Mantenga sus dientes sanos.\" \/>\n<meta name=\"robots\" content=\"index, follow, max-snippet:-1, max-image-preview:large, max-video-preview:-1\" \/>\n<link rel=\"canonical\" href=\"https:\/\/clinidentaria.pt\/es\/sobre-nosotros-dientes-sanos\/\" \/>\n<meta property=\"og:locale\" content=\"es_ES\" \/>\n<meta property=\"og:type\" content=\"article\" \/>\n<meta property=\"og:title\" content=\"Dientes Sanos - \u00a1Tu salud oral es importante! \u00a1Conf\u00eda en la cl\u00ednica!\" \/>\n<meta property=\"og:description\" content=\"\u00a1En Clinica sabemos lo importante que es cuidar la salud oral! \u00a1No esperes m\u00e1s y reserva una cita con nosotros! Mantenga sus dientes sanos.\" \/>\n<meta property=\"og:url\" content=\"https:\/\/clinidentaria.pt\/es\/sobre-nosotros-dientes-sanos\/\" \/>\n<meta property=\"og:site_name\" content=\"Clinident\u00e1ria\" \/>\n<meta property=\"article:modified_time\" content=\"2022-10-14T12:11:06+00:00\" \/>\n<meta property=\"og:image\" content=\"https:\/\/clinidentaria.pt\/wp-content\/uploads\/2022\/08\/3-1.png\" \/>\n\t<meta property=\"og:image:width\" content=\"2000\" \/>\n\t<meta property=\"og:image:height\" content=\"650\" \/>\n\t<meta property=\"og:image:type\" content=\"image\/png\" \/>\n<meta name=\"twitter:card\" content=\"summary_large_image\" \/>\n<meta name=\"twitter:label1\" content=\"Est. reading time\" \/>\n\t<meta name=\"twitter:data1\" content=\"1 minuto\" \/>\n<script type=\"application\/ld+json\" class=\"yoast-schema-graph\">{\"@context\":\"https:\/\/schema.org\",\"@graph\":[{\"@type\":\"WebPage\",\"@id\":\"https:\/\/clinidentaria.pt\/es\/sobre-nosotros-dientes-sanos\/\",\"url\":\"https:\/\/clinidentaria.pt\/es\/sobre-nosotros-dientes-sanos\/\",\"name\":\"Dientes Sanos - \u00a1Tu salud oral es importante! \u00a1Conf\u00eda en la cl\u00ednica!\",\"isPartOf\":{\"@id\":\"https:\/\/clinidentaria.pt\/#website\"},\"datePublished\":\"2022-08-22T14:56:08+00:00\",\"dateModified\":\"2022-10-14T12:11:06+00:00\",\"description\":\"\u00a1En Clinica sabemos lo importante que es cuidar la salud oral! \u00a1No esperes m\u00e1s y reserva una cita con nosotros! Mantenga sus dientes sanos.\",\"breadcrumb\":{\"@id\":\"https:\/\/clinidentaria.pt\/es\/sobre-nosotros-dientes-sanos\/#breadcrumb\"},\"inLanguage\":\"es\",\"potentialAction\":[{\"@type\":\"ReadAction\",\"target\":[\"https:\/\/clinidentaria.pt\/es\/sobre-nosotros-dientes-sanos\/\"]}]},{\"@type\":\"BreadcrumbList\",\"@id\":\"https:\/\/clinidentaria.pt\/es\/sobre-nosotros-dientes-sanos\/#breadcrumb\",\"itemListElement\":[{\"@type\":\"ListItem\",\"position\":1,\"name\":\"In\u00edcio\",\"item\":\"https:\/\/clinidentaria.pt\/es\/\"},{\"@type\":\"ListItem\",\"position\":2,\"name\":\"Sobre Nosotros\"}]},{\"@type\":\"WebSite\",\"@id\":\"https:\/\/clinidentaria.pt\/#website\",\"url\":\"https:\/\/clinidentaria.pt\/\",\"name\":\"Clinident\u00e1ria\",\"description\":\"Clinica dent\u00e1ria situada na ribeira grande, Ilha de S\u00e3o Miguel, A\u00e7ores\",\"potentialAction\":[{\"@type\":\"SearchAction\",\"target\":{\"@type\":\"EntryPoint\",\"urlTemplate\":\"https:\/\/clinidentaria.pt\/?s={search_term_string}\"},\"query-input\":\"required name=search_term_string\"}],\"inLanguage\":\"es\"}]}<\/script>\n<!-- \/ Yoast SEO plugin. -->","yoast_head_json":{"title":"Dientes Sanos - \u00a1Tu salud oral es importante! \u00a1Conf\u00eda en la cl\u00ednica!","description":"\u00a1En Clinica sabemos lo importante que es cuidar la salud oral! \u00a1No esperes m\u00e1s y reserva una cita con nosotros! Mantenga sus dientes sanos.","robots":{"index":"index","follow":"follow","max-snippet":"max-snippet:-1","max-image-preview":"max-image-preview:large","max-video-preview":"max-video-preview:-1"},"canonical":"https:\/\/clinidentaria.pt\/es\/sobre-nosotros-dientes-sanos\/","og_locale":"es_ES","og_type":"article","og_title":"Dientes Sanos - \u00a1Tu salud oral es importante! \u00a1Conf\u00eda en la cl\u00ednica!","og_description":"\u00a1En Clinica sabemos lo importante que es cuidar la salud oral! \u00a1No esperes m\u00e1s y reserva una cita con nosotros! Mantenga sus dientes sanos.","og_url":"https:\/\/clinidentaria.pt\/es\/sobre-nosotros-dientes-sanos\/","og_site_name":"Clinident\u00e1ria","article_modified_time":"2022-10-14T12:11:06+00:00","og_image":[{"width":2000,"height":650,"url":"https:\/\/clinidentaria.pt\/wp-content\/uploads\/2022\/08\/3-1.png","type":"image\/png"}],"twitter_card":"summary_large_image","twitter_misc":{"Est. reading time":"1 minuto"},"schema":{"@context":"https:\/\/schema.org","@graph":[{"@type":"WebPage","@id":"https:\/\/clinidentaria.pt\/es\/sobre-nosotros-dientes-sanos\/","url":"https:\/\/clinidentaria.pt\/es\/sobre-nosotros-dientes-sanos\/","name":"Dientes Sanos - \u00a1Tu salud oral es importante! \u00a1Conf\u00eda en la cl\u00ednica!","isPartOf":{"@id":"https:\/\/clinidentaria.pt\/#website"},"datePublished":"2022-08-22T14:56:08+00:00","dateModified":"2022-10-14T12:11:06+00:00","description":"\u00a1En Clinica sabemos lo importante que es cuidar la salud oral! \u00a1No esperes m\u00e1s y reserva una cita con nosotros! Mantenga sus dientes sanos.","breadcrumb":{"@id":"https:\/\/clinidentaria.pt\/es\/sobre-nosotros-dientes-sanos\/#breadcrumb"},"inLanguage":"es","potentialAction":[{"@type":"ReadAction","target":["https:\/\/clinidentaria.pt\/es\/sobre-nosotros-dientes-sanos\/"]}]},{"@type":"BreadcrumbList","@id":"https:\/\/clinidentaria.pt\/es\/sobre-nosotros-dientes-sanos\/#breadcrumb","itemListElement":[{"@type":"ListItem","position":1,"name":"In\u00edcio","item":"https:\/\/clinidentaria.pt\/es\/"},{"@type":"ListItem","position":2,"name":"Sobre Nosotros"}]},{"@type":"WebSite","@id":"https:\/\/clinidentaria.pt\/#website","url":"https:\/\/clinidentaria.pt\/","name":"Clinident\u00e1ria","description":"Clinica dent\u00e1ria situada na ribeira grande, Ilha de S\u00e3o Miguel, A\u00e7ores","potentialAction":[{"@type":"SearchAction","target":{"@type":"EntryPoint","urlTemplate":"https:\/\/clinidentaria.pt\/?s={search_term_string}"},"query-input":"required name=search_term_string"}],"inLanguage":"es"}]}},"_links":{"self":[{"href":"https:\/\/clinidentaria.pt\/es\/wp-json\/wp\/v2\/pages\/256"}],"collection":[{"href":"https:\/\/clinidentaria.pt\/es\/wp-json\/wp\/v2\/pages"}],"about":[{"href":"https:\/\/clinidentaria.pt\/es\/wp-json\/wp\/v2\/types\/page"}],"author":[{"embeddable":true,"href":"https:\/\/clinidentaria.pt\/es\/wp-json\/wp\/v2\/users\/1"}],"replies":[{"embeddable":true,"href":"https:\/\/clinidentaria.pt\/es\/wp-json\/wp\/v2\/comments?post=256"}],"version-history":[{"count":2,"href":"https:\/\/clinidentaria.pt\/es\/wp-json\/wp\/v2\/pages\/256\/revisions"}],"predecessor-version":[{"id":477,"href":"https:\/\/clinidentaria.pt\/es\/wp-json\/wp\/v2\/pages\/256\/revisions\/477"}],"wp:featuredmedia":[{"embeddable":true,"href":"https:\/\/clinidentaria.pt\/es\/wp-json\/wp\/v2\/media\/224"}],"wp:attachment":[{"href":"https:\/\/clinidentaria.pt\/es\/wp-json\/wp\/v2\/media?parent=256"}],"curies":[{"name":"wp","href":"https:\/\/api.w.org\/{rel}","templated":true}]}}