{"id":254,"date":"2022-08-22T14:56:08","date_gmt":"2022-08-22T14:56:08","guid":{"rendered":"https:\/\/clinidentaria.pt\/sobre-nos\/"},"modified":"2022-10-14T12:07:56","modified_gmt":"2022-10-14T12:07:56","slug":"about-us-oral-health","status":"publish","type":"page","link":"https:\/\/clinidentaria.pt\/en\/about-us-oral-health\/","title":{"rendered":"About Us"},"content":{"rendered":"<p>Our mission is to promote access to oral health, focus on the quality and qualification of the services provided through an ethical, professional and personalized service. Smiling is well being, comfort and health. Patients are the foundation of our dedication and passion.<\/p>\n","protected":false},"excerpt":{"rendered":"<p>Our mission is to promote access to oral health, focus on the quality and qualification of the services provided through an ethical, professional and personalized service. Smiling is well being, comfort and health. Patients are the foundation of our dedication and passion.<\/p>\n","protected":false},"author":1,"featured_media":222,"parent":0,"menu_order":0,"comment_status":"closed","ping_status":"closed","template":"template-aboutus.php","meta":[],"acf":[],"yoast_head":"<!-- This site is optimized with the Yoast SEO plugin v19.6 - https:\/\/yoast.com\/wordpress\/plugins\/seo\/ -->\n<title>Your Oral Health is Important! Trust in Clinident\u00e1ria! - Azores<\/title>\n<meta name=\"description\" content=\"At Clinident\u00e1ria we know how important it is to take care of oral health! Do not wait any longer and make an appointment with us!\" \/>\n<meta name=\"robots\" content=\"index, follow, max-snippet:-1, max-image-preview:large, max-video-preview:-1\" \/>\n<link rel=\"canonical\" href=\"https:\/\/clinidentaria.pt\/en\/about-us-oral-health\/\" \/>\n<meta property=\"og:locale\" content=\"en_US\" \/>\n<meta property=\"og:type\" content=\"article\" \/>\n<meta property=\"og:title\" content=\"Your Oral Health is Important! Trust in Clinident\u00e1ria! - Azores\" \/>\n<meta property=\"og:description\" content=\"At Clinident\u00e1ria we know how important it is to take care of oral health! Do not wait any longer and make an appointment with us!\" \/>\n<meta property=\"og:url\" content=\"https:\/\/clinidentaria.pt\/en\/about-us-oral-health\/\" \/>\n<meta property=\"og:site_name\" content=\"Clinident\u00e1ria\" \/>\n<meta property=\"article:modified_time\" content=\"2022-10-14T12:07:56+00:00\" \/>\n<meta property=\"og:image\" content=\"https:\/\/clinidentaria.pt\/wp-content\/uploads\/2022\/08\/3-1.png\" \/>\n\t<meta property=\"og:image:width\" content=\"2000\" \/>\n\t<meta property=\"og:image:height\" content=\"650\" \/>\n\t<meta property=\"og:image:type\" content=\"image\/png\" \/>\n<meta name=\"twitter:card\" content=\"summary_large_image\" \/>\n<meta name=\"twitter:label1\" content=\"Est. reading time\" \/>\n\t<meta name=\"twitter:data1\" content=\"1 minute\" \/>\n<script type=\"application\/ld+json\" class=\"yoast-schema-graph\">{\"@context\":\"https:\/\/schema.org\",\"@graph\":[{\"@type\":\"WebPage\",\"@id\":\"https:\/\/clinidentaria.pt\/en\/about-us-oral-health\/\",\"url\":\"https:\/\/clinidentaria.pt\/en\/about-us-oral-health\/\",\"name\":\"Your Oral Health is Important! Trust in Clinident\u00e1ria! - Azores\",\"isPartOf\":{\"@id\":\"https:\/\/clinidentaria.pt\/#website\"},\"datePublished\":\"2022-08-22T14:56:08+00:00\",\"dateModified\":\"2022-10-14T12:07:56+00:00\",\"description\":\"At Clinident\u00e1ria we know how important it is to take care of oral health! Do not wait any longer and make an appointment with us!\",\"breadcrumb\":{\"@id\":\"https:\/\/clinidentaria.pt\/en\/about-us-oral-health\/#breadcrumb\"},\"inLanguage\":\"en-US\",\"potentialAction\":[{\"@type\":\"ReadAction\",\"target\":[\"https:\/\/clinidentaria.pt\/en\/about-us-oral-health\/\"]}]},{\"@type\":\"BreadcrumbList\",\"@id\":\"https:\/\/clinidentaria.pt\/en\/about-us-oral-health\/#breadcrumb\",\"itemListElement\":[{\"@type\":\"ListItem\",\"position\":1,\"name\":\"In\u00edcio\",\"item\":\"https:\/\/clinidentaria.pt\/en\/\"},{\"@type\":\"ListItem\",\"position\":2,\"name\":\"About Us\"}]},{\"@type\":\"WebSite\",\"@id\":\"https:\/\/clinidentaria.pt\/#website\",\"url\":\"https:\/\/clinidentaria.pt\/\",\"name\":\"Clinident\u00e1ria\",\"description\":\"Clinica dent\u00e1ria situada na ribeira grande, Ilha de S\u00e3o Miguel, A\u00e7ores\",\"potentialAction\":[{\"@type\":\"SearchAction\",\"target\":{\"@type\":\"EntryPoint\",\"urlTemplate\":\"https:\/\/clinidentaria.pt\/?s={search_term_string}\"},\"query-input\":\"required name=search_term_string\"}],\"inLanguage\":\"en-US\"}]}<\/script>\n<!-- \/ Yoast SEO plugin. -->","yoast_head_json":{"title":"Your Oral Health is Important! Trust in Clinident\u00e1ria! - Azores","description":"At Clinident\u00e1ria we know how important it is to take care of oral health! Do not wait any longer and make an appointment with us!","robots":{"index":"index","follow":"follow","max-snippet":"max-snippet:-1","max-image-preview":"max-image-preview:large","max-video-preview":"max-video-preview:-1"},"canonical":"https:\/\/clinidentaria.pt\/en\/about-us-oral-health\/","og_locale":"en_US","og_type":"article","og_title":"Your Oral Health is Important! Trust in Clinident\u00e1ria! - Azores","og_description":"At Clinident\u00e1ria we know how important it is to take care of oral health! Do not wait any longer and make an appointment with us!","og_url":"https:\/\/clinidentaria.pt\/en\/about-us-oral-health\/","og_site_name":"Clinident\u00e1ria","article_modified_time":"2022-10-14T12:07:56+00:00","og_image":[{"width":2000,"height":650,"url":"https:\/\/clinidentaria.pt\/wp-content\/uploads\/2022\/08\/3-1.png","type":"image\/png"}],"twitter_card":"summary_large_image","twitter_misc":{"Est. reading time":"1 minute"},"schema":{"@context":"https:\/\/schema.org","@graph":[{"@type":"WebPage","@id":"https:\/\/clinidentaria.pt\/en\/about-us-oral-health\/","url":"https:\/\/clinidentaria.pt\/en\/about-us-oral-health\/","name":"Your Oral Health is Important! Trust in Clinident\u00e1ria! - Azores","isPartOf":{"@id":"https:\/\/clinidentaria.pt\/#website"},"datePublished":"2022-08-22T14:56:08+00:00","dateModified":"2022-10-14T12:07:56+00:00","description":"At Clinident\u00e1ria we know how important it is to take care of oral health! Do not wait any longer and make an appointment with us!","breadcrumb":{"@id":"https:\/\/clinidentaria.pt\/en\/about-us-oral-health\/#breadcrumb"},"inLanguage":"en-US","potentialAction":[{"@type":"ReadAction","target":["https:\/\/clinidentaria.pt\/en\/about-us-oral-health\/"]}]},{"@type":"BreadcrumbList","@id":"https:\/\/clinidentaria.pt\/en\/about-us-oral-health\/#breadcrumb","itemListElement":[{"@type":"ListItem","position":1,"name":"In\u00edcio","item":"https:\/\/clinidentaria.pt\/en\/"},{"@type":"ListItem","position":2,"name":"About Us"}]},{"@type":"WebSite","@id":"https:\/\/clinidentaria.pt\/#website","url":"https:\/\/clinidentaria.pt\/","name":"Clinident\u00e1ria","description":"Clinica dent\u00e1ria situada na ribeira grande, Ilha de S\u00e3o Miguel, A\u00e7ores","potentialAction":[{"@type":"SearchAction","target":{"@type":"EntryPoint","urlTemplate":"https:\/\/clinidentaria.pt\/?s={search_term_string}"},"query-input":"required name=search_term_string"}],"inLanguage":"en-US"}]}},"_links":{"self":[{"href":"https:\/\/clinidentaria.pt\/en\/wp-json\/wp\/v2\/pages\/254"}],"collection":[{"href":"https:\/\/clinidentaria.pt\/en\/wp-json\/wp\/v2\/pages"}],"about":[{"href":"https:\/\/clinidentaria.pt\/en\/wp-json\/wp\/v2\/types\/page"}],"author":[{"embeddable":true,"href":"https:\/\/clinidentaria.pt\/en\/wp-json\/wp\/v2\/users\/1"}],"replies":[{"embeddable":true,"href":"https:\/\/clinidentaria.pt\/en\/wp-json\/wp\/v2\/comments?post=254"}],"version-history":[{"count":3,"href":"https:\/\/clinidentaria.pt\/en\/wp-json\/wp\/v2\/pages\/254\/revisions"}],"predecessor-version":[{"id":473,"href":"https:\/\/clinidentaria.pt\/en\/wp-json\/wp\/v2\/pages\/254\/revisions\/473"}],"wp:featuredmedia":[{"embeddable":true,"href":"https:\/\/clinidentaria.pt\/en\/wp-json\/wp\/v2\/media\/222"}],"wp:attachment":[{"href":"https:\/\/clinidentaria.pt\/en\/wp-json\/wp\/v2\/media?parent=254"}],"curies":[{"name":"wp","href":"https:\/\/api.w.org\/{rel}","templated":true}]}}