{"id":243,"date":"2022-08-22T14:42:09","date_gmt":"2022-08-22T14:42:09","guid":{"rendered":"https:\/\/clinidentaria.pt\/politica-de-privacidade\/"},"modified":"2022-09-27T08:41:01","modified_gmt":"2022-09-27T08:41:01","slug":"privacy-policy","status":"publish","type":"page","link":"https:\/\/clinidentaria.pt\/en\/privacy-policy\/","title":{"rendered":"Privacy Policy"},"content":{"rendered":"<h1><b>RGPD &#8211; General Regime of Data Protection<\/b><b><br \/>\n<\/b><span style=\"font-weight: 400;\">Privacy Policy | Terms of Use &amp; Use<\/span><\/h1>\n<p><span style=\"font-weight: 400;\">\u00a0<\/span><\/p>\n<p><b>DECLARATION AND ACCEPTANCE OF THE PRIVACY POLICY<\/b><b><br \/>\n<\/b><\/p>\n<p><span style=\"font-weight: 400;\">By accepting this Privacy Policy, you are authorising the CLINIDENT\u00c1RIA &#8211; ACTIVIDADES DE MEDICINA DENT\u00c1RIA, LDA, legal person number 512.071.845, with its headquarters in Largo Capit\u00e3o Aniceto dos Santos S\/N, Ribeirinha, 9600 Ribeira Grande county, to treat your personal data gathered on your contact request, of which you confirm that you are the holder, as well as the related data to its commercial and contractual relationship, and its respective management, under the terms of this Privacy Policy.<\/span><\/p>\n<p>&nbsp;<\/p>\n<p><b>Declares further:<\/b><b><\/b><\/p>\n<p>&nbsp;<\/p>\n<ol>\n<li><span style=\"font-weight: 400;\">that you are aware and fully informed that the processing of your personal data includes all the operations carried out on the data you have provided, by automated means or not, for the purposes of:<\/span><\/li>\n<\/ol>\n<p><span style=\"font-weight: 400;\">&#8211; improving the operation and functionality of the CLINIDENT\u00c1RIA &#8211; ACTIVIDADES DE MEDICINA DENT\u00c1RIA, LDA website (including in the events where your data will be aggregated and treated in a statistical manner, without being identifiable by any third party to whom it may be provided);<\/span><\/p>\n<p><span style=\"font-weight: 400;\">&#8211; improving and customization of the services provided to you;<\/span><\/p>\n<p><span style=\"font-weight: 400;\">&#8211; contact you through emails, written messages or by telephone to &#8211; send you information or updates on your transactions and requests, as well as providing information about new products or services;<\/span><\/p>\n<p><span style=\"font-weight: 400;\">&#8211; interact with you on social media platforms;<\/span><\/p>\n<p><span style=\"font-weight: 400;\">2. to accept and allow the free use and reproduction, by CLINIDENT\u00c1RIA &#8211; ACTIVIDADES DE MEDICINA DENT\u00c1RIA, LDA, of publicly available content and \/ or published on social media platforms where the \u201chashtag\u201d #clinidentaria, has explicitly and specifically referred to our brands, products or services ;<\/span><\/p>\n<p><span style=\"font-weight: 400;\">3. that you are aware of the fact that, in accordance with the applicable legislation, it is possible to oppose, limit, correct or request the elimination in relation to the processing of its data for one or more of the purposes described above, by sending an application to the following electronic mail: <\/span><a href=\"mailto:geral@clinidentaria.pt\"><span style=\"font-weight: 400;\">geral@clinidentaria.pt<\/span><\/a><span style=\"font-weight: 400;\"> , as well as having the right to file a complaint with the competent authorities;<\/span><b><\/b><\/p>\n<p><span style=\"font-weight: 400;\">4. giving this consent freely and voluntarily and being 16 years old or older.<\/span><\/p>\n<p>&nbsp;<\/p>\n<p>&nbsp;<\/p>\n<p><b>PRIVACY POLICY<\/b><b><br \/>\n<\/b><\/p>\n<p><span style=\"font-weight: 400;\">At CLINIDENT\u00c1RIA &#8211; ACTIVIDADES DE MEDICINA DENT\u00c1RIA, LDA, we consider your privacy to be a very serious matter. We are committed to optimising your experience within our website and social media platforms, in a secure environment.<\/span><\/p>\n<p><span style=\"font-weight: 400;\">It is our policy to treat your personal data with discretion and to protect them. This Privacy Policy explains how we collect, protect, use and share information about you online and offline, with the hope of increasing your confidence in CLINIDENT\u00c1RIA &#8211; ACTIVIDADES DE MEDICINA DENT\u00c1RIA, LDA and improve your experience with us.<\/span><\/p>\n<p><span style=\"font-weight: 400;\">Please note that this Privacy Policy applies to information collected by CLINIDENT\u00c1RIA &#8211; ACTIVIDADES DE MEDICINA DENT\u00c1RIA, LDA only and does not extend to information you may have submitted on other sites or social platforms managed by other entities or organizations to which we may refer. This privacy policy covers only this specific website. Please read the following terms carefully.<\/span><\/p>\n<p>&nbsp;<\/p>\n<ol>\n<li style=\"font-weight: 400;\" aria-level=\"1\"><b>Your data<\/b><\/li>\n<\/ol>\n<p><span style=\"font-weight: 400;\">CLINIDENT\u00c1RIA &#8211; ACTIVIDADES DE MEDICINA DENT\u00c1RIA, LDA commits itself to process your personal data in accordance with the European Regulation (EU) 2016\/679 of the European Parliament and of the Council of 27 April 2016 on the protection of individuals with regard to the processing of personal data and the free movement of such data and repealing Directive 95\/46 \/ EC (General Regulation on Data Protection).<\/span><\/p>\n<p><span style=\"font-weight: 400;\">This website does not collect personal information about you unless you voluntarily provide it to us. This means that we will not know your name, your email or any other of your personal information just because you browsed this site, unless you have created an account and log in when you access the site.<\/span><\/p>\n<p><span style=\"font-weight: 400;\">We only collect your data when you fill out an online request form. You may be asked to enter your name, address, telephone number, date of birth, email address and other relevant information.<\/span><span style=\"font-weight: 400;\"><br \/>\n<\/span><span style=\"font-weight: 400;\">Please note that by providing us with personal information about you as described in this privacy policy, you are giving us your consent for us to use it for the purposes set forth herein.<\/span><\/p>\n<p>&nbsp;<\/p>\n<p><b>2. Use of your data<\/b><\/p>\n<p><span style=\"font-weight: 400;\">Any of the data you provide us with can be used in the following ways:<\/span><\/p>\n<ul>\n<li><span style=\"font-weight: 400;\"> customize your experience with us<\/span><\/li>\n<li><span style=\"font-weight: 400;\"> improve our site on the services and resources available<\/span><\/li>\n<li><span style=\"font-weight: 400;\"> improve our customer service in general<\/span><\/li>\n<li><span style=\"font-weight: 400;\"> to contact you<\/span><\/li>\n<li><span style=\"font-weight: 400;\"> to manage a contest, promotion, research or other resource<\/span><\/li>\n<\/ul>\n<p><span style=\"font-weight: 400;\">Your data, whether public or private, will not be sold, exchanged, transferred or given to any other company outside of CLINIDENT\u00c1RIA &#8211; ACTIVIDADES DE MEDICINA DENT\u00c1RIA, LDA, for any reason, without your consent.<\/span><\/p>\n<p><span style=\"font-weight: 400;\">We may use and provide aggregate and statistical information to third parties to monitor the use of our website with the purpose of helping us to develop it and our services. The data used shall not include information that can be used to identify any individual.<\/span><\/p>\n<p><span style=\"font-weight: 400;\">The contact information you provide may be used to send information and updates related to your requests, as well as receive occasional updates of CLINIDENT\u00c1RIA &#8211; ACTIVIDADES DE MEDICINA DENT\u00c1RIA, LDA about information, advantages and promotions of related products or services.<\/span><\/p>\n<p><span style=\"font-weight: 400;\">Note: If at any time you wish to unsubscribe from future e-mails, we will include detailed cancellation instructions at the bottom of each e-mail.<\/span><\/p>\n<p><span style=\"font-weight: 400;\">CLINIDENT\u00c1RIA &#8211; ACTIVIDADES DE MEDICINA DENT\u00c1RIA, LDA saves your users&#8217; data on their servers located in Portugal and Spain. These servers are protected and maintained in accordance with the highest security standards and in compliance with the applicable privacy laws.<\/span><\/p>\n<p>&nbsp;<\/p>\n<p><b>3. Protection of your information<\/b><\/p>\n<p><span style=\"font-weight: 400;\">We follow the industry standards to protect your details during transmission and, once received, we have implemented several measures to maintain the security of the personal data you have transmitted to us.<\/span><\/p>\n<p><span style=\"font-weight: 400;\">YOU SHOULD HOWEVER BE AWARE THAT NO METHOD OF TRANSMISSION OR ELECTRONIC STORAGE IS 100% SAFE.<\/span><\/p>\n<p><span style=\"font-weight: 400;\">BECAUSE OF THAT, TO THE MAXIMUM EXTENT PERMITTED BY LAW, WE CAN NOT BE LIABLE FOR ANY CLAIMS. LOSSES AND DAMAGES, INCLUDING, WITHOUT LIMITATION, DIRECT, INDIRECT, SPECIAL, PUNITIVE, INCIDENTAL, OR CONSEQUENTIAL DAMAGES OR DAMAGES INCURRED BY YOU OR ANY USER RELATED TO COMPUTER FRAUD, RISK OR ANY OTHER INFRINGEMENT OR CIRCUMSTANCES IN WHICH YOUR INFORMATION IS ACQUIRED OR DISCLOSED WITHOUT OUR EXPRESS AUTHORIZATION.<\/span><\/p>\n<p><b><\/b><b>4. Cookies<\/b><\/p>\n<p><span style=\"font-weight: 400;\">A cookie is a small text file which, although it does not collect personal information that allows the user to be identified, stores general information about the users navigation on their access device (mobile phone, computer or other), that allows later use making it faster and more efficient.<\/span><\/p>\n<p><span style=\"font-weight: 400;\">A cookie by itself does not personally identify any user \/ visitor.<\/span><\/p>\n<p><span style=\"font-weight: 400;\">We may use technologies such as cookies to record session information, collect visits, and access details of our web pages that allow us to continue to improve our services and provide better and more useful resources to users \/ visitors to our site.<\/span><\/p>\n<p><span style=\"font-weight: 400;\">Cookies are recommended and have specific functions in order to allow an improved and more personalized navigation.<\/span><\/p>\n<p><span style=\"font-weight: 400;\">The existence of cookies does not affect the operation of your device and its operating system. In addition to the information stored in the cookie, information is also stored in the &#8220;local storage&#8221; area of your browser with the same purpose as the cookies.<\/span><span style=\"font-weight: 400;\"><br \/>\n<\/span><\/p>\n<p><span style=\"font-weight: 400;\">The cookies can be of several types: those that allow to identify the user and to improve the operation of the services in the sites; those that improve the performance of the site by analysing the way users use it; those that allow the user to navigate in an individually personalized environment and those that collect information from the user on the habits of browsing the internet so that the advertising displayed by the one corresponds to their needs and interests.<\/span><span style=\"font-weight: 400;\"><br \/>\n<\/span><\/p>\n<p><span style=\"font-weight: 400;\">The main purpose of our cookies is to improve your browsing experience because, among other purposes, it helps us remember your preferences. This information also makes it possible to improve our website (for example, by facilitating the statistical analysis of its use). In view of these purposes, your personally identifiable information of a sensitive nature is not stored through cookies. The information in our cookies is only used by us, except for those related to Google Analytics (managed by Google).<\/span><\/p>\n<p><span style=\"font-weight: 400;\">All browsers allow the user to accept, refuse or delete cookies, for example by selecting the appropriate settings in their browser, so that the user can, at any time, partially or totally disable the cookies used on our site.<\/span><\/p>\n<p><span style=\"font-weight: 400;\">If you select to opt out of cookies you may not be able to access certain sections of our website, your browsing will become less efficient and you may no longer benefit from any of the features or services.<\/span><\/p>\n<p><span style=\"font-weight: 400;\">Note: this list may be updated due to new services and features of our website with the introduction of new cookies.<\/span><span style=\"font-weight: 400;\"><br \/>\n<\/span><\/p>\n<p>&nbsp;<\/p>\n<p><b>5. How you should ensure your safety<\/b><\/p>\n<p><span style=\"font-weight: 400;\">For your privacy, we recommend you to not include personal, sensitive, or sensitive data in the emails you send us. Please do not email us credit card numbers or any sensitive personal information.<\/span><\/p>\n<p><span style=\"font-weight: 400;\">We do not knowingly collect personal information from minors. As the parent or legal guardian, do not allow your children to send personal information without your permission.<\/span><\/p>\n<p><span style=\"font-weight: 400;\">WE ARE NOT RESPONSIBLE FOR IDENTIFICATION DATA OR OTHER INFORMATION YOU CHOOSE TO SUBMIT IN FORUMS AS A COMMENTARY AREA OR ANY OTHER ACCESSIBLE PUBLIC AREA THAT WE ADMINISTER OR MANAGE.<\/span><\/p>\n<p><span style=\"font-weight: 400;\">\u00a0<\/span><span style=\"font-weight: 400;\"><br \/>\n<\/span><b>6. Disclosure of information to third parties<\/b><\/p>\n<p><span style=\"font-weight: 400;\">We do not sell, market or transfer to third parties your personally identifiable information. This does not include trusted third parties who help us manage our website, mobile applications, conduct our business or provide services to our customers, as long as those parties agree to keep such information confidential.<\/span><\/p>\n<p><span style=\"font-weight: 400;\">We may also disclose your information when we believe that the release is appropriate to comply with the law, to enforce our website policies, or to protect our rights, property or safety.<\/span><\/p>\n<p><span style=\"font-weight: 400;\">However, non-personally identifiable visitor information may be provided to other parties for marketing, advertising or other uses.<\/span><\/p>\n<p><span style=\"font-weight: 400;\">\u00a0<\/span><span style=\"font-weight: 400;\"><br \/>\n<\/span><\/p>\n<p><b>7. Third party links<\/b><\/p>\n<p><span style=\"font-weight: 400;\">Please note that although you may find yourself on a website operated by us, you may also be referred for links to third-party websites. Occasionally, at our discretion, we may include or offer third party services on our platforms.<\/span><\/p>\n<p><span style=\"font-weight: 400;\">These third-party websites have separate and independent privacy policies. These policies are neither managed nor controlled by us, for that reason CLINIDENT\u00c1RIA &#8211; ACTIVIDADES DE MEDICINA DENT\u00c1RIA, LDA assumes no responsibility for the content and activities of these websites.<\/span><\/p>\n<p><span style=\"font-weight: 400;\">However, we seek to protect the integrity of our site and platforms, so we would appreciate it if you please contact us if you would like to give us your feedback on them. We also recommend that you carefully read the terms and conditions and the privacy policies of these linked websites before submitting any information or personal data.<\/span><\/p>\n<p>&nbsp;<\/p>\n<p><b>8. Your Consent<\/b><\/p>\n<p><span style=\"font-weight: 400;\">By using our website and our platforms, you agree to our Privacy Policy.<\/span><\/p>\n<p>&nbsp;<\/p>\n<p><b>9. Retention period of your data<\/b><\/p>\n<p><span style=\"font-weight: 400;\">It is our duty to inform you that the personal data you provide to us will be kept until you request removal.<\/span><\/p>\n<p>&nbsp;<\/p>\n<p><b>10. Copyrights<\/b><\/p>\n<p><span style=\"font-weight: 400;\">The videos, sounds, images and all the information on this website shall not be copied, distributed, modified or placed on digital platforms without the prior written permission of CLINIDENT\u00c1RIA &#8211; ACTIVIDADES DE MEDICINA DENT\u00c1RIA, LDA.<\/span><\/p>\n<p>&nbsp;<\/p>\n<p><b>11. Your rights<\/b><\/p>\n<p><span style=\"font-weight: 400;\">Since we want to ensure that you are aware of your rights under the terms of the applicable law, we want to inform you that:<\/span><\/p>\n<ul>\n<li><span style=\"font-weight: 400;\"> Your personal data belongs to you. As such, you have the right to access, rectify, limit, erase and oppose the treatment thereof and obtain said data from CLINIDENT\u00c1RIA &#8211; ACTIVIDADES DE MEDICINA DENT\u00c1RIA, LDA.<\/span><\/li>\n<li><span style=\"font-weight: 400;\"> We will make every effort to keep your personal data up-to-date and protected according to the best industry standards.<\/span><\/li>\n<li><span style=\"font-weight: 400;\"> You have the right to file a complaint with the competent data protection authority. In Portugal, this authority is the National Data Protection Commission (&#8220;CNPD&#8221;). More information on the CNPD can be obtained through the website <a href=\"http:\/\/www.cnpd.pt\" target=\"_blank\" rel=\"noopener\">www.cnpd.pt<\/a><\/span><\/li>\n<\/ul>\n<p>&nbsp;<\/p>\n<p><span style=\"font-weight: 400;\">To exercise your rights of access, rectification, elimination, blocking or opposition to the processing of personal data you provide, pursuant to Law no. 67\/98, of October 26, you must send a request to that effect, through the following address of e-mail: <\/span><a href=\"mailto:geral@clinidentaria.pt\"><span style=\"font-weight: 400;\">geral@clinidentaria.pt<\/span><\/a><span style=\"font-weight: 400;\">\u00a0<\/span><\/p>\n<p>&nbsp;<\/p>\n<p><b>12. Applicable law<\/b><\/p>\n<p><span style=\"font-weight: 400;\">These Terms of Use and Use are governed by and written in accordance with the current legislation. Any conflict or divergence of interpretation of the same shall be submitted to the competent Court.<\/span><\/p>\n<p>&nbsp;<\/p>\n<p><b>13. Changes to our Privacy Policy<\/b><\/p>\n<p><span style=\"font-weight: 400;\">We reserve the right to update, change or delete this Privacy Policy any of the terms here without any further consent. We will note any changes to it on our website as well as through a communication to the indicated means of contact. Continued use of our website, applications, services and features offered after such communication will presume your agreement with such changes.<\/span><\/p>\n<p><span style=\"font-weight: 400;\">The current version was published on 2022\/09\/01.<\/span><\/p>\n<p>&nbsp;<\/p>\n<p><b>14. Contact Us<\/b><\/p>\n<p><span style=\"font-weight: 400;\">If you have any questions about Privacy Policy or if you wish to exercise any of your rights mentioned above, please contact us through:<\/span><\/p>\n<p>&nbsp;<\/p>\n<p><span style=\"font-weight: 400;\">Phone: +351\u00a0296 477 206<\/span><\/p>\n<p><span style=\"font-weight: 400;\">Email:\u00a0 <\/span><a href=\"mailto:geral@clinidentaria.pt\"><span style=\"font-weight: 400;\">geral@clinidentaria.pt<\/span><\/a><\/p>\n","protected":false},"excerpt":{"rendered":"<p>RGPD &#8211; General Regime of Data Protection Privacy Policy | Terms of Use &amp; Use \u00a0 DECLARATION AND ACCEPTANCE OF THE PRIVACY POLICY By accepting this Privacy Policy, you are authorising the CLINIDENT\u00c1RIA &#8211; ACTIVIDADES DE MEDICINA DENT\u00c1RIA, LDA, legal person number 512.071.845, with its headquarters in Largo Capit\u00e3o Aniceto dos Santos S\/N, Ribeirinha, 9600 [&hellip;]<\/p>\n","protected":false},"author":1,"featured_media":0,"parent":0,"menu_order":0,"comment_status":"closed","ping_status":"closed","template":"","meta":[],"acf":[],"yoast_head":"<!-- This site is optimized with the Yoast SEO plugin v19.6 - https:\/\/yoast.com\/wordpress\/plugins\/seo\/ -->\n<title>Privacy Policy - Clinident\u00e1ria<\/title>\n<meta name=\"description\" content=\"At Clinident\u00e1ria we care about your privacy. Please pay attention to our privacy policy before using the website.\" \/>\n<meta name=\"robots\" content=\"index, follow, max-snippet:-1, max-image-preview:large, max-video-preview:-1\" \/>\n<link rel=\"canonical\" href=\"https:\/\/clinidentaria.pt\/en\/privacy-policy\/\" \/>\n<meta property=\"og:locale\" content=\"en_US\" \/>\n<meta property=\"og:type\" content=\"article\" \/>\n<meta property=\"og:title\" content=\"Privacy Policy - Clinident\u00e1ria\" \/>\n<meta property=\"og:description\" content=\"At Clinident\u00e1ria we care about your privacy. Please pay attention to our privacy policy before using the website.\" \/>\n<meta property=\"og:url\" content=\"https:\/\/clinidentaria.pt\/en\/privacy-policy\/\" \/>\n<meta property=\"og:site_name\" content=\"Clinident\u00e1ria\" \/>\n<meta property=\"article:modified_time\" content=\"2022-09-27T08:41:01+00:00\" \/>\n<meta name=\"twitter:card\" content=\"summary_large_image\" \/>\n<meta name=\"twitter:label1\" content=\"Est. reading time\" \/>\n\t<meta name=\"twitter:data1\" content=\"13 minutes\" \/>\n<script type=\"application\/ld+json\" class=\"yoast-schema-graph\">{\"@context\":\"https:\/\/schema.org\",\"@graph\":[{\"@type\":\"WebPage\",\"@id\":\"https:\/\/clinidentaria.pt\/en\/privacy-policy\/\",\"url\":\"https:\/\/clinidentaria.pt\/en\/privacy-policy\/\",\"name\":\"Privacy Policy - Clinident\u00e1ria\",\"isPartOf\":{\"@id\":\"https:\/\/clinidentaria.pt\/#website\"},\"datePublished\":\"2022-08-22T14:42:09+00:00\",\"dateModified\":\"2022-09-27T08:41:01+00:00\",\"description\":\"At Clinident\u00e1ria we care about your privacy. Please pay attention to our privacy policy before using the website.\",\"breadcrumb\":{\"@id\":\"https:\/\/clinidentaria.pt\/en\/privacy-policy\/#breadcrumb\"},\"inLanguage\":\"en-US\",\"potentialAction\":[{\"@type\":\"ReadAction\",\"target\":[\"https:\/\/clinidentaria.pt\/en\/privacy-policy\/\"]}]},{\"@type\":\"BreadcrumbList\",\"@id\":\"https:\/\/clinidentaria.pt\/en\/privacy-policy\/#breadcrumb\",\"itemListElement\":[{\"@type\":\"ListItem\",\"position\":1,\"name\":\"In\u00edcio\",\"item\":\"https:\/\/clinidentaria.pt\/en\/\"},{\"@type\":\"ListItem\",\"position\":2,\"name\":\"Privacy Policy\"}]},{\"@type\":\"WebSite\",\"@id\":\"https:\/\/clinidentaria.pt\/#website\",\"url\":\"https:\/\/clinidentaria.pt\/\",\"name\":\"Clinident\u00e1ria\",\"description\":\"Clinica dent\u00e1ria situada na ribeira grande, Ilha de S\u00e3o Miguel, A\u00e7ores\",\"potentialAction\":[{\"@type\":\"SearchAction\",\"target\":{\"@type\":\"EntryPoint\",\"urlTemplate\":\"https:\/\/clinidentaria.pt\/?s={search_term_string}\"},\"query-input\":\"required name=search_term_string\"}],\"inLanguage\":\"en-US\"}]}<\/script>\n<!-- \/ Yoast SEO plugin. -->","yoast_head_json":{"title":"Privacy Policy - Clinident\u00e1ria","description":"At Clinident\u00e1ria we care about your privacy. Please pay attention to our privacy policy before using the website.","robots":{"index":"index","follow":"follow","max-snippet":"max-snippet:-1","max-image-preview":"max-image-preview:large","max-video-preview":"max-video-preview:-1"},"canonical":"https:\/\/clinidentaria.pt\/en\/privacy-policy\/","og_locale":"en_US","og_type":"article","og_title":"Privacy Policy - Clinident\u00e1ria","og_description":"At Clinident\u00e1ria we care about your privacy. Please pay attention to our privacy policy before using the website.","og_url":"https:\/\/clinidentaria.pt\/en\/privacy-policy\/","og_site_name":"Clinident\u00e1ria","article_modified_time":"2022-09-27T08:41:01+00:00","twitter_card":"summary_large_image","twitter_misc":{"Est. reading time":"13 minutes"},"schema":{"@context":"https:\/\/schema.org","@graph":[{"@type":"WebPage","@id":"https:\/\/clinidentaria.pt\/en\/privacy-policy\/","url":"https:\/\/clinidentaria.pt\/en\/privacy-policy\/","name":"Privacy Policy - Clinident\u00e1ria","isPartOf":{"@id":"https:\/\/clinidentaria.pt\/#website"},"datePublished":"2022-08-22T14:42:09+00:00","dateModified":"2022-09-27T08:41:01+00:00","description":"At Clinident\u00e1ria we care about your privacy. Please pay attention to our privacy policy before using the website.","breadcrumb":{"@id":"https:\/\/clinidentaria.pt\/en\/privacy-policy\/#breadcrumb"},"inLanguage":"en-US","potentialAction":[{"@type":"ReadAction","target":["https:\/\/clinidentaria.pt\/en\/privacy-policy\/"]}]},{"@type":"BreadcrumbList","@id":"https:\/\/clinidentaria.pt\/en\/privacy-policy\/#breadcrumb","itemListElement":[{"@type":"ListItem","position":1,"name":"In\u00edcio","item":"https:\/\/clinidentaria.pt\/en\/"},{"@type":"ListItem","position":2,"name":"Privacy Policy"}]},{"@type":"WebSite","@id":"https:\/\/clinidentaria.pt\/#website","url":"https:\/\/clinidentaria.pt\/","name":"Clinident\u00e1ria","description":"Clinica dent\u00e1ria situada na ribeira grande, Ilha de S\u00e3o Miguel, A\u00e7ores","potentialAction":[{"@type":"SearchAction","target":{"@type":"EntryPoint","urlTemplate":"https:\/\/clinidentaria.pt\/?s={search_term_string}"},"query-input":"required name=search_term_string"}],"inLanguage":"en-US"}]}},"_links":{"self":[{"href":"https:\/\/clinidentaria.pt\/en\/wp-json\/wp\/v2\/pages\/243"}],"collection":[{"href":"https:\/\/clinidentaria.pt\/en\/wp-json\/wp\/v2\/pages"}],"about":[{"href":"https:\/\/clinidentaria.pt\/en\/wp-json\/wp\/v2\/types\/page"}],"author":[{"embeddable":true,"href":"https:\/\/clinidentaria.pt\/en\/wp-json\/wp\/v2\/users\/1"}],"replies":[{"embeddable":true,"href":"https:\/\/clinidentaria.pt\/en\/wp-json\/wp\/v2\/comments?post=243"}],"version-history":[{"count":5,"href":"https:\/\/clinidentaria.pt\/en\/wp-json\/wp\/v2\/pages\/243\/revisions"}],"predecessor-version":[{"id":419,"href":"https:\/\/clinidentaria.pt\/en\/wp-json\/wp\/v2\/pages\/243\/revisions\/419"}],"wp:attachment":[{"href":"https:\/\/clinidentaria.pt\/en\/wp-json\/wp\/v2\/media?parent=243"}],"curies":[{"name":"wp","href":"https:\/\/api.w.org\/{rel}","templated":true}]}}