{"id":237,"date":"2022-08-22T15:21:56","date_gmt":"2022-08-22T15:21:56","guid":{"rendered":"https:\/\/clinidentaria.pt\/termos-e-condicoes\/"},"modified":"2022-09-27T08:43:24","modified_gmt":"2022-09-27T08:43:24","slug":"terms-and-conditions","status":"publish","type":"page","link":"https:\/\/clinidentaria.pt\/en\/terms-and-conditions\/","title":{"rendered":"Terms and conditions"},"content":{"rendered":"<p><b>TERMS AND CONDITIONS<\/b><\/p>\n<ol>\n<li><b> General Conditions<\/b><\/li>\n<\/ol>\n<p><span style=\"font-weight: 400;\">1.1. The company CLINIDENT\u00c1RIA &#8211; ACTIVIDADES DE MEDICINA DENT\u00c1RIA, LDA, with its headquarters at Largo Capit\u00e3o Aniceto dos Santos S\/N, Ribeirinha, 9600 county of Ribeira Grande, legal person n\u00b0 512.071.845, which is also its registration number at the Conservat\u00f3ria do Registo Predial \/ Comercial de\u00a0 Ribeira Grande, with 5.000,00 \u20ac of capital, is responsible for the <a href=\"www.clinidentaria.pt\" target=\"_blank\" rel=\"noopener\">www.clinidentaria.pt<\/a><\/span><span style=\"font-weight: 400;\"> website (hereinafter \u201cwebsite\u201d).<\/span><\/p>\n<p><span style=\"font-weight: 400;\">1.2. The user declares to accept and act in accordance with the Terms and Conditions of use <\/span><span style=\"font-weight: 400;\">described here, as well as with all future modifications, by using the service provided by CLINIDENT\u00c1RIA &#8211; ACTIVIDADES DE MEDICINA DENT\u00c1RIA, LDA in this website.<\/span><\/p>\n<p><span style=\"font-weight: 400;\">1.3. In the terms and conditions mentioned here, whenever the terms &#8220;we&#8221; or &#8220;our&#8221; are used, <\/span><span style=\"font-weight: 400;\">we refer to CLINIDENT\u00c1RIA &#8211; ACTIVIDADES DE MEDICINA DENT\u00c1RIA, LDA or <a href=\"www.clinidentaria.pt\" target=\"_blank\" rel=\"noopener\">www.clinidentaria.pt<\/a><\/span><span style=\"font-weight: 400;\">\u00a0. Whenever we use &#8220;you&#8221; or &#8220;yours&#8221;, we refer to anyone using <a href=\"www.clinidentaria.pt\" target=\"_blank\" rel=\"noopener\">www.clinidentaria.pt<\/a><\/span><span style=\"font-weight: 400;\">\u00a0.<\/span><\/p>\n<p><span style=\"font-weight: 400;\">1.4. When accessing and using this website you are subject to the following Terms and Conditions, as well as our Privacy Policy. By browsing the website, the user agrees to comply with these Terms and Conditions and Privacy Policy. If you do not agree with its content, the user is not allowed to access and use the website, and must terminate access and \/ or use immediately.<\/span><\/p>\n<p><span style=\"font-weight: 400;\">1.5. The customer should read carefully the Terms and Conditions each time accessing the <\/span><span style=\"font-weight: 400;\">site.<\/span><\/p>\n<p><span style=\"font-weight: 400;\">1.6. If you violate any of the terms included here, your right to access and use this website will be terminated immediately.<\/span><\/p>\n<p><span style=\"font-weight: 400;\">1.7. The contents of this website are protected by copyright and are the property of CLINIDENT\u00c1RIA &#8211; ACTIVIDADES DE MEDICINA DENT\u00c1RIA, LDA. It is not allowed to use it in any way without our consent.<\/span><\/p>\n<p>&nbsp;<\/p>\n<ol start=\"2\">\n<li><b> Budget<\/b><\/li>\n<\/ol>\n<p><span style=\"font-weight: 400;\">2.1. Any quote is valid for 30 days from the date of dispatch, and may be subject to review after that time.<\/span><\/p>\n<p><span style=\"font-weight: 400;\">2.2. In the event of an error in the submitted quote, CLINIDENT\u00c1RIA &#8211; ACTIVIDADES DE MEDICINA DENT\u00c1RIA, LDA reserves the right, during its validity (30 days), to rectify it.<\/span><\/p>\n<p><span style=\"font-weight: 400;\">2.3. Any change at the customer&#8217;s request, service or expense that was not expressed in the initial budget, has an additional cost.<\/span><\/p>\n<p>&nbsp;<\/p>\n<ol start=\"3\">\n<li><b> Copyrights and Ownership<\/b><\/li>\n<\/ol>\n<p><span style=\"font-weight: 400;\">3.1. All the contents of this website, which includes texts, design, illustrations, logos, video, audio, photographs and other elements, are protected by law, under the Copyright and Related Rights Code. It is not permitted to display, reproduce, distribute, modify, transmit or use the contents in any way, for any public or commercial purpose, without our prior and express written consent.<\/span><\/p>\n<p><span style=\"font-weight: 400;\">3.2. The contents of this website are protected by Direitos de Autor e Direitos Conexos (Copyright and Related Rights), Direitos de Propriedade Industrial (Industrial Property Rights), by the Lei da Criminalidade Inform\u00e1tica (Computer Crime Law) and are the property of CLINIDENT\u00c1RIA &#8211; ACTIVIDADES DE MEDICINA DENT\u00c1RIA, LDA.<\/span><\/p>\n<p><span style=\"font-weight: 400;\">3.3. The work\/projects copyrights will only be the property of the client, when finalized, approved and paid in full.<\/span><\/p>\n<p><span style=\"font-weight: 400;\">3.4. We reserve the right not to provide the customer with the editable files, fonts or other tools and software necessary for the production of the work\/projects.<\/span><\/p>\n<p><span style=\"font-weight: 400;\">3.5. CLINIDENT\u00c1RIA &#8211; ACTIVIDADES DE MEDICINA DENT\u00c1RIA, LDA reserves the right to take legal action against the authors of any unauthorized copy, reproduction, dissemination or commercial exploitation of texts, design, illustrations, logos, video, audio, photographs and other elements, whose ownership has not been transmitted to the customer.<\/span><\/p>\n<p><span style=\"font-weight: 400;\">3.6. The customer is responsible for ensuring that the materials provided by him for the execution of the work\/projects do not infringe any third party&#8217;s Copyright or Industrial Property Rights and for any damages caused to CLINIDENT\u00c1RIA &#8211; ACTIVIDADES DE MEDICINA DENT\u00c1RIA, LDA, due to their improper use.<\/span><\/p>\n<p>&nbsp;<\/p>\n<ol start=\"4\">\n<li><b> Online Dispute Resolution<\/b><\/li>\n<\/ol>\n<p><span style=\"font-weight: 400;\">The European Union has created a website to support consumers to submit their complaints about any dispute in which they are involved. In this context, CLINIDENT\u00c1RIA &#8211; ACTIVIDADES DE MEDICINA DENT\u00c1RIA, LDA provides all the information so that you can exercise your right of complaint with an official entity, third and impartial to the process, (&#8220;dispute resolution entity&#8221;) that will help you to resolve the dispute in question.<\/span><\/p>\n<p><span style=\"font-weight: 400;\">So, if you were unhappy with the purchase of a good or service on our website, or with the solution we presented to resolve a situation, you can access this official website <a href=\"https:\/\/ec.europa.eu\/consumers\/odr\/main \/index.cfm?event=main.home2.show&amp;lng=PT\" target=\"_blank\" rel=\"noopener\">https:\/\/ec.europa.eu\/consumers\/odr\/main \/index.cfm?event=main.home2.show&amp;lng=PT<\/a> and expose your dispute.<\/span><\/p>\n<p>4.1. What is alternative dispute resolution?<\/p>\n<p><span style=\"font-weight: 400;\">Alternative dispute resolution is the possibility that all consumers have at their disposal to appeal to official entities that help them in the resolution, or guidance of any conflict, before opening litigious processes in court.<\/span><\/p>\n<p><span style=\"font-weight: 400;\">As a general rule, the procedure is as follows: the client asks an impartial third party to act as an intermediary between you and the trader who is the target of your complaint. The intermediary can suggest a solution to your complaint, impose a solution on both parties or bring the parties together to find a solution.<\/span><\/p>\n<p><span style=\"font-weight: 400;\">You may know the concept of alternative dispute resolution by another name: &#8216;mediation&#8217;, &#8216;conciliation&#8217;, &#8216;arbitration&#8217; or &#8216;committee responsible for consumer disputes&#8217;.<\/span><\/p>\n<p><span style=\"font-weight: 400;\">Alternative dispute resolution is, as a rule, less expensive, less formal and faster than the judicial process.<\/span><\/p>\n<p><span style=\"font-weight: 400;\">Suggestions of Alternative Dispute Resolution Entities:<\/span><\/p>\n<p><span style=\"font-weight: 400;\">CNIACC \u2013 Centro Nacional de Informa\u00e7\u00e3o e Arbitragem de Conflitos de Consumo<\/span><\/p>\n<p><a href=\"http:\/\/www.arbitragemdeconsumo.org\/\" target=\"_blank\" rel=\"noopener\"><span style=\"font-weight: 400;\">http:\/\/www.arbitragemdeconsumo.org\/<\/span><\/a><span style=\"font-weight: 400;\">\u00a0<\/span><\/p>\n<p>&nbsp;<\/p>\n<p><span style=\"font-weight: 400;\">Centro de Arbitragem de Conflitos de Consumo de Lisboa<\/span><\/p>\n<p><a href=\"http:\/\/www.centroarbitragemlisboa.pt\/\" target=\"_blank\" rel=\"noopener\"><span style=\"font-weight: 400;\">http:\/\/www.centroarbitragemlisboa.pt\/<\/span><\/a><span style=\"font-weight: 400;\">\u00a0<\/span><\/p>\n<p>&nbsp;<\/p>\n<p><span style=\"font-weight: 400;\">Centro de Arbitragem de Conflitos de Consumo do Vale do Ave\/Tribunal Arbitral<\/span><\/p>\n<p><a href=\"http:\/\/www.triave.pt\/\" target=\"_blank\" rel=\"noopener\"><span style=\"font-weight: 400;\">http:\/\/www.triave.pt\/<\/span><\/a><span style=\"font-weight: 400;\">\u00a0<\/span><\/p>\n<p>&nbsp;<\/p>\n<p><span style=\"font-weight: 400;\">CIAB \u2013 Centro de Informa\u00e7\u00e3o, Media\u00e7\u00e3o e Arbitragem de Consumo (Tribunal Arbitral de Consumo)<\/span><\/p>\n<p><a href=\"http:\/\/www.ciab.pt\/pt\/\" target=\"_blank\" rel=\"noopener\"><span style=\"font-weight: 400;\">http:\/\/www.ciab.pt\/pt\/<\/span><\/a><span style=\"font-weight: 400;\">\u00a0<\/span><\/p>\n<p>&nbsp;<\/p>\n<p><span style=\"font-weight: 400;\">CIMPAS \u2013 Centro de Informa\u00e7\u00e3o, Media\u00e7\u00e3o e Provedoria de Seguros<\/span><\/p>\n<p><a href=\"https:\/\/www.cimpas.pt\/\" target=\"_blank\" rel=\"noopener\"><span style=\"font-weight: 400;\">https:\/\/www.cimpas.pt\/<\/span><\/a><span style=\"font-weight: 400;\">\u00a0<\/span><\/p>\n<p>&nbsp;<\/p>\n<ol start=\"5\">\n<li><b> Permitted Use \/ Prohibited Activities<\/b><\/li>\n<\/ol>\n<p><span style=\"font-weight: 400;\">Only access and use of this website is allowed for personal and non-commercial functions, that is, that the website should only be accessed and used by private individuals or by a company that intends to purchase our services \/ products or company on their behalf.<\/span><\/p>\n<p><span style=\"font-weight: 400;\">Any activities that are considered by us to be inappropriate and \/ or that are likely to be illegal under the legislation applicable to this website are prohibited, including, but not limited to:<\/span><\/p>\n<p><span style=\"font-weight: 400;\">5.1. Hurt, abuse, defame, threaten or harass another person or company, or in a manner that invades the privacy of others, or that is obscene, offensive, hateful, indecent, inappropriate, objectionable, unacceptable, discriminatory or harmful.<\/span><\/p>\n<p><span style=\"font-weight: 400;\">5.2. Actions that may constitute a breach of privacy, such as sending private information to this site without the consent of the affected person or any other legal rights of individuals.<\/span><\/p>\n<p><span style=\"font-weight: 400;\">5.3. Send files containing viruses to this website that may cause damage to the property of CLINIDENT\u00c1RIA &#8211; ACTIVIDADES DE MEDICINA DENT\u00c1RIA, LDA or the property of individuals or modify or reverse engineer any part of the website.<\/span><\/p>\n<p><span style=\"font-weight: 400;\">5.4. Use any type of automatic computer code, process, program, robot, internet crawler, spider, data processor, drag or screen scraping alternatives to computer codes, processes, programs or systems.<\/span><\/p>\n<p><span style=\"font-weight: 400;\">5.5. The use of the website for illegal purposes or any other purpose that may be considered <\/span><span style=\"font-weight: 400;\">unworthy of our image is expressly prohibited. Usurpation, counterfeiting, use of usurped or counterfeit content, illegitimate identification and unfair competition are criminally punishable.<\/span><\/p>\n<p>&nbsp;<\/p>\n<ol start=\"6\">\n<li><b> Contents and Warranties<\/b><\/li>\n<\/ol>\n<p><span style=\"font-weight: 400;\">6.1. The information on this website has been included in good faith and is for general information only, its use being at the sole risk of the user.<\/span><\/p>\n<p><span style=\"font-weight: 400;\">6.2. This website and its contents are provided without guarantees of any kind, that is, there is no guarantee that access to this website will be uninterrupted or error-free, free from viruses or other harmful material, or that the information contained on this website is complete, accurate or timely.<\/span><\/p>\n<p><span style=\"font-weight: 400;\">6.3. CLINIDENT\u00c1RIA &#8211; ACTIVIDADES DE MEDICINA DENT\u00c1RIA, LDA reserves the right to make changes and corrections, suspend or close the website when deemed appropriate and without the need for any prior notice.<\/span><\/p>\n<p><span style=\"font-weight: 400;\">6.4. CLINIDENT\u00c1RIA &#8211; ACTIVIDADES DE MEDICINA DENT\u00c1RIA, LDA does not previously filter or monitor the content transmitted to this website by third parties and is not responsible for filtering or monitoring any content of this type.<\/span><\/p>\n<p><span style=\"font-weight: 400;\">6.5. If notified, CLINIDENT\u00c1RIA &#8211; ACTIVIDADES DE MEDICINA DENT\u00c1RIA, LDA may investigate an allegation that the content transmitted to this website is in violation of the Terms and Conditions and may determine whether it will cause the information to be removed from this website.<\/span><\/p>\n<p><span style=\"font-weight: 400;\">6.6. CLINIDENT\u00c1RIA &#8211; ACTIVIDADES DE MEDICINA DENT\u00c1RIA, LDA assumes no responsibility or liability for any action or content transmitted by or between<\/span><\/p>\n<p><span style=\"font-weight: 400;\">the user or any third party inside or outside this website.<\/span><\/p>\n<p>&nbsp;<\/p>\n<ol start=\"7\">\n<li><b> Responsibility, Use and Risk<\/b><\/li>\n<\/ol>\n<p><span style=\"font-weight: 400;\">7.1. The way you use this website and the contents contained therein is entirely at your own risk.<\/span><\/p>\n<p><span style=\"font-weight: 400;\">7.2. CLINIDENT\u00c1RIA &#8211; ACTIVIDADES DE MEDICINA DENT\u00c1RIA, LDA and all its directors, employees and agents, as well as any other party involved in the creation, production, maintenance or implementation of this website, will not be liable to any user of the website, for any possible damage, loss or injury (including any loss of profit and moral, indirect, accidental or consequential loss) arising from the correct or incorrect use of this website and its content, access to the user&#8217;s computer or computer system by third parties, viruses, etc.<\/span><\/p>\n<p><span style=\"font-weight: 400;\">This website contains links to third party websites. These links are provided solely for the convenience and accessibility of the user. We do not endorse the content of any of these third-party websites and are not responsible for the content of any of those websites. Accessing and visiting any of these third-party websites is at your own risk.<\/span><\/p>\n<p>&nbsp;<\/p>\n<ol start=\"8\">\n<li><b> Jurisdiction and Applicable Law<\/b><\/li>\n<\/ol>\n<p><span style=\"font-weight: 400;\">CLINIDENT\u00c1RIA &#8211; ACTIVIDADES DE MEDICINA DENT\u00c1RIA, LDA and the user of this website accept, without reservation, that any dispute resulting from the<\/span><\/p>\n<p><span style=\"font-weight: 400;\">use of this website will be governed by Portuguese law.<\/span><\/p>\n<p>&nbsp;<\/p>\n<p><span style=\"font-weight: 400;\">Last updated on: 1<\/span><span style=\"font-weight: 400;\">\u02e2\u1d57<\/span><span style=\"font-weight: 400;\"> september 2022<\/span><\/p>\n","protected":false},"excerpt":{"rendered":"<p>TERMS AND CONDITIONS General Conditions 1.1. The company CLINIDENT\u00c1RIA &#8211; ACTIVIDADES DE MEDICINA DENT\u00c1RIA, LDA, with its headquarters at Largo Capit\u00e3o Aniceto dos Santos S\/N, Ribeirinha, 9600 county of Ribeira Grande, legal person n\u00b0 512.071.845, which is also its registration number at the Conservat\u00f3ria do Registo Predial \/ Comercial de\u00a0 Ribeira Grande, with 5.000,00 \u20ac [&hellip;]<\/p>\n","protected":false},"author":1,"featured_media":0,"parent":0,"menu_order":0,"comment_status":"closed","ping_status":"closed","template":"","meta":[],"acf":[],"yoast_head":"<!-- This site is optimized with the Yoast SEO plugin v19.6 - https:\/\/yoast.com\/wordpress\/plugins\/seo\/ -->\n<title>Terms and conditions - Clinident\u00e1ria<\/title>\n<meta name=\"description\" content=\"Pay attention to our terms and conditions before using our website. At Clinident\u00e1ria, you are our priority. Take care of yourself!\" \/>\n<meta name=\"robots\" content=\"index, follow, max-snippet:-1, max-image-preview:large, max-video-preview:-1\" \/>\n<link rel=\"canonical\" href=\"https:\/\/clinidentaria.pt\/en\/terms-and-conditions\/\" \/>\n<meta property=\"og:locale\" content=\"en_US\" \/>\n<meta property=\"og:type\" content=\"article\" \/>\n<meta property=\"og:title\" content=\"Terms and conditions - Clinident\u00e1ria\" \/>\n<meta property=\"og:description\" content=\"Pay attention to our terms and conditions before using our website. At Clinident\u00e1ria, you are our priority. Take care of yourself!\" \/>\n<meta property=\"og:url\" content=\"https:\/\/clinidentaria.pt\/en\/terms-and-conditions\/\" \/>\n<meta property=\"og:site_name\" content=\"Clinident\u00e1ria\" \/>\n<meta property=\"article:modified_time\" content=\"2022-09-27T08:43:24+00:00\" \/>\n<meta name=\"twitter:card\" content=\"summary_large_image\" \/>\n<meta name=\"twitter:label1\" content=\"Est. reading time\" \/>\n\t<meta name=\"twitter:data1\" content=\"9 minutes\" \/>\n<script type=\"application\/ld+json\" class=\"yoast-schema-graph\">{\"@context\":\"https:\/\/schema.org\",\"@graph\":[{\"@type\":\"WebPage\",\"@id\":\"https:\/\/clinidentaria.pt\/en\/terms-and-conditions\/\",\"url\":\"https:\/\/clinidentaria.pt\/en\/terms-and-conditions\/\",\"name\":\"Terms and conditions - Clinident\u00e1ria\",\"isPartOf\":{\"@id\":\"https:\/\/clinidentaria.pt\/#website\"},\"datePublished\":\"2022-08-22T15:21:56+00:00\",\"dateModified\":\"2022-09-27T08:43:24+00:00\",\"description\":\"Pay attention to our terms and conditions before using our website. At Clinident\u00e1ria, you are our priority. Take care of yourself!\",\"breadcrumb\":{\"@id\":\"https:\/\/clinidentaria.pt\/en\/terms-and-conditions\/#breadcrumb\"},\"inLanguage\":\"en-US\",\"potentialAction\":[{\"@type\":\"ReadAction\",\"target\":[\"https:\/\/clinidentaria.pt\/en\/terms-and-conditions\/\"]}]},{\"@type\":\"BreadcrumbList\",\"@id\":\"https:\/\/clinidentaria.pt\/en\/terms-and-conditions\/#breadcrumb\",\"itemListElement\":[{\"@type\":\"ListItem\",\"position\":1,\"name\":\"In\u00edcio\",\"item\":\"https:\/\/clinidentaria.pt\/en\/\"},{\"@type\":\"ListItem\",\"position\":2,\"name\":\"Terms and conditions\"}]},{\"@type\":\"WebSite\",\"@id\":\"https:\/\/clinidentaria.pt\/#website\",\"url\":\"https:\/\/clinidentaria.pt\/\",\"name\":\"Clinident\u00e1ria\",\"description\":\"Clinica dent\u00e1ria situada na ribeira grande, Ilha de S\u00e3o Miguel, A\u00e7ores\",\"potentialAction\":[{\"@type\":\"SearchAction\",\"target\":{\"@type\":\"EntryPoint\",\"urlTemplate\":\"https:\/\/clinidentaria.pt\/?s={search_term_string}\"},\"query-input\":\"required name=search_term_string\"}],\"inLanguage\":\"en-US\"}]}<\/script>\n<!-- \/ Yoast SEO plugin. -->","yoast_head_json":{"title":"Terms and conditions - Clinident\u00e1ria","description":"Pay attention to our terms and conditions before using our website. At Clinident\u00e1ria, you are our priority. Take care of yourself!","robots":{"index":"index","follow":"follow","max-snippet":"max-snippet:-1","max-image-preview":"max-image-preview:large","max-video-preview":"max-video-preview:-1"},"canonical":"https:\/\/clinidentaria.pt\/en\/terms-and-conditions\/","og_locale":"en_US","og_type":"article","og_title":"Terms and conditions - Clinident\u00e1ria","og_description":"Pay attention to our terms and conditions before using our website. At Clinident\u00e1ria, you are our priority. Take care of yourself!","og_url":"https:\/\/clinidentaria.pt\/en\/terms-and-conditions\/","og_site_name":"Clinident\u00e1ria","article_modified_time":"2022-09-27T08:43:24+00:00","twitter_card":"summary_large_image","twitter_misc":{"Est. reading time":"9 minutes"},"schema":{"@context":"https:\/\/schema.org","@graph":[{"@type":"WebPage","@id":"https:\/\/clinidentaria.pt\/en\/terms-and-conditions\/","url":"https:\/\/clinidentaria.pt\/en\/terms-and-conditions\/","name":"Terms and conditions - Clinident\u00e1ria","isPartOf":{"@id":"https:\/\/clinidentaria.pt\/#website"},"datePublished":"2022-08-22T15:21:56+00:00","dateModified":"2022-09-27T08:43:24+00:00","description":"Pay attention to our terms and conditions before using our website. At Clinident\u00e1ria, you are our priority. Take care of yourself!","breadcrumb":{"@id":"https:\/\/clinidentaria.pt\/en\/terms-and-conditions\/#breadcrumb"},"inLanguage":"en-US","potentialAction":[{"@type":"ReadAction","target":["https:\/\/clinidentaria.pt\/en\/terms-and-conditions\/"]}]},{"@type":"BreadcrumbList","@id":"https:\/\/clinidentaria.pt\/en\/terms-and-conditions\/#breadcrumb","itemListElement":[{"@type":"ListItem","position":1,"name":"In\u00edcio","item":"https:\/\/clinidentaria.pt\/en\/"},{"@type":"ListItem","position":2,"name":"Terms and conditions"}]},{"@type":"WebSite","@id":"https:\/\/clinidentaria.pt\/#website","url":"https:\/\/clinidentaria.pt\/","name":"Clinident\u00e1ria","description":"Clinica dent\u00e1ria situada na ribeira grande, Ilha de S\u00e3o Miguel, A\u00e7ores","potentialAction":[{"@type":"SearchAction","target":{"@type":"EntryPoint","urlTemplate":"https:\/\/clinidentaria.pt\/?s={search_term_string}"},"query-input":"required name=search_term_string"}],"inLanguage":"en-US"}]}},"_links":{"self":[{"href":"https:\/\/clinidentaria.pt\/en\/wp-json\/wp\/v2\/pages\/237"}],"collection":[{"href":"https:\/\/clinidentaria.pt\/en\/wp-json\/wp\/v2\/pages"}],"about":[{"href":"https:\/\/clinidentaria.pt\/en\/wp-json\/wp\/v2\/types\/page"}],"author":[{"embeddable":true,"href":"https:\/\/clinidentaria.pt\/en\/wp-json\/wp\/v2\/users\/1"}],"replies":[{"embeddable":true,"href":"https:\/\/clinidentaria.pt\/en\/wp-json\/wp\/v2\/comments?post=237"}],"version-history":[{"count":3,"href":"https:\/\/clinidentaria.pt\/en\/wp-json\/wp\/v2\/pages\/237\/revisions"}],"predecessor-version":[{"id":350,"href":"https:\/\/clinidentaria.pt\/en\/wp-json\/wp\/v2\/pages\/237\/revisions\/350"}],"wp:attachment":[{"href":"https:\/\/clinidentaria.pt\/en\/wp-json\/wp\/v2\/media?parent=237"}],"curies":[{"name":"wp","href":"https:\/\/api.w.org\/{rel}","templated":true}]}}